{"id":10,"date":"2021-11-03T08:12:31","date_gmt":"2021-11-03T08:12:31","guid":{"rendered":"http:\/\/color-cable.loc\/?page_id=10"},"modified":"2025-04-07T16:56:28","modified_gmt":"2025-04-07T16:56:28","slug":"home-colorcable-powerstrips-sustainable-danish-design","status":"publish","type":"page","link":"https:\/\/colorcable.com\/en\/","title":{"rendered":"Home"},"content":{"rendered":"<h1>Vision<\/h1>\n<p>We make cables beautiful and add colorful design to everyday life. Follow us on our journey. Home &#8211; ColorCable Power Strips &#8211; Sustainable Danish Design. Home &#8211; ColorCable powerstrips &#8211; Sustainable Danish design<\/p>\n<p>Shades of gray in various nuances provide a minimalist approach to a stylish, simple, and versatile expression. With the color gray, we can reduce our visual presence and mix endlessly. We can create depth and warmth or superficial lightness. Minimalistic Gray is light and cool with a slight bluish tint, making it icily cold. Less is more.<\/p>\n<figure id=\"attachment_748\" aria-describedby=\"caption-attachment-748\" style=\"width: 300px\" class=\"wp-caption alignnone\"><img decoding=\"async\" class=\"wp-image-748 size-medium\" src=\"https:\/\/colorcable.com\/wp-content\/uploads\/2022\/02\/Still_Home_Top_6_CC_OFFICE-TABLE-SET_HORI_-300x147.png\" alt=\"Home - ColorCable powerstrips - Sustainable Danish design\" width=\"300\" height=\"147\" srcset=\"https:\/\/colorcable.com\/wp-content\/uploads\/2022\/02\/Still_Home_Top_6_CC_OFFICE-TABLE-SET_HORI_-300x147.png 300w, https:\/\/colorcable.com\/wp-content\/uploads\/2022\/02\/Still_Home_Top_6_CC_OFFICE-TABLE-SET_HORI_-600x294.png 600w, https:\/\/colorcable.com\/wp-content\/uploads\/2022\/02\/Still_Home_Top_6_CC_OFFICE-TABLE-SET_HORI_-1024x501.png 1024w, https:\/\/colorcable.com\/wp-content\/uploads\/2022\/02\/Still_Home_Top_6_CC_OFFICE-TABLE-SET_HORI_-768x376.png 768w, https:\/\/colorcable.com\/wp-content\/uploads\/2022\/02\/Still_Home_Top_6_CC_OFFICE-TABLE-SET_HORI_-1536x752.png 1536w, https:\/\/colorcable.com\/wp-content\/uploads\/2022\/02\/Still_Home_Top_6_CC_OFFICE-TABLE-SET_HORI_.png 1920w\" sizes=\"(max-width: 300px) 100vw, 300px\" \/><figcaption id=\"caption-attachment-748\" class=\"wp-caption-text\">We understand that your home is a canvas for your creativity and personality, and our cables are designed to highlight its beauty.<\/figcaption><\/figure>\n<h2>Design Philosophy<br \/>\nOur design philosophy is based on highlighting what cannot be hidden: &#8220;If you can\u2019t hide it, make it beautiful.&#8221; Home &#8211; ColorCable Power Strips &#8211; Sustainable Danish Design.<\/h2>\n<p><a href=\"https:\/\/arde.dk\/colorcable\/\">https:\/\/arde.dk\/colorcable\/<\/a><\/p>\n<h2>Color Philosophy<br \/>\nOur color philosophy draws from the vibrant walkways of fashion, where colors adorn and create endless inspiration and change.<\/h2>\n<h2>Biography<br \/>\nColorCable was founded in 2019 to make cables beautiful. We developed our first two power strips and began our quiet launch in September 2023, with the expectation to launch fully at the same time in 2024. Home &#8211; ColorCable powerstrips &#8211; Sustainable Danish design.<\/h2>\n<h3>Demand-Driven Sustainability &#8211; Sustainable Danish Design<br \/>\nWe work with the UN&#8217;s SDG goals by establishing an SDG requirement with our partners. Since we outsource our production and logistics, our access is indirect, but we can still achieve our goals. Perhaps with even greater impact, as we also influence our partners&#8217; network and set an example of value creation through design and branding to achieve higher quality and sustainable production.<\/h3>\n<h3>Sustainable Production<\/h3>\n<h3>With a user-friendly design, we have approached manufacturers in Europe and China with requirements for sustainable production using recycled materials. We didn&#8217;t seek out manufacturers already doing this but those interested in developing sustainable production. We approached them with a 30-60-90 strategy: 30% recycled material for the first production, 60% for the second, followed by a third horizon goal of 90%, which is not yet possible, but we are participating in changing that. We use a benchmark case from our design studio ARDE, which developed the Nova Sea chair with 96% ocean plastic. Home &#8211; ColorCable powerstrips &#8211; Sustainable Danish design.<\/h3>\n<h3>Sustainable Logistics<\/h3>\n<h3>Our logistics subcontractors are currently competing for sustainable logistics services. Emission-free deliveries in cities represent a rapidly developing market trend, and our purchasing decisions can contribute to its growth. Additionally, we are actively working to promote the most environmentally friendly solution for transporting our products from the factory in China to our warehouse in Br\u00f8ndby. Although this transition is progressing more slowly, it remains an area where our demand can drive change: no flights or trains, only shipping. Home &#8211; ColorCable powerstrips &#8211; Sustainable Danish design.<\/h3>\n<h3>CO2 Footprint<\/h3>\n<h3>ColorCable collaborates with &#8216;Offset My Life,&#8217; a Danish organization where everyone can offset their CO2 footprint. Through &#8216;Offset My Life,&#8217; we can choose between planting trees or offsetting our footprint by supporting verified renewable energy projects. Expecting a CO2 footprint of 50 tons in 2023, which will be fully offset, we divide our investment between the two alternative methods, after planting a tree for each product. [https:\/\/offsetmylife.com\/](https:\/\/offsetmylife.com\/)<\/h3>\n<h4>Home &#8211; ColorCable powerstrips &#8211; Sustainable Danish design.<\/h4>\n<h4>The 2024 Collection<\/h4>\n<h4>Cheerful Turquoise<br \/>\nTurquoise is a timeless and strong expression. Ice-cold and innovative, almost excessive. Turquoise can illustrate celebration and excitement, freedom, and perhaps a small sense of &#8220;yes we can,&#8221; an innocent glance into the infinite and abstract. Cheerful Turquoise demands our attention while it almost floats, free and enthusiastic. Be encouraging, be enthusiastic, go with it.<br \/>\nColorCable Cheerful Turquoise is designed in a timeless and minimalist style and infused with the latest fashion colors, so it can adorn our homes instead of being hidden away. Home &#8211; ColorCable powerstrips &#8211; Sustainable Danish design.<\/h4>\n<h4>Minimalistic Grey<br \/>\nGray colors in various shades are the minimalist way to a stylish, simple, and versatile expression. With the color gray, we can reduce our visual presence and mix endlessly. We can create depth and warmth or superficial lightness. Minimalistic Grey is light and cool with a slight bluish tint, making it icily cold. Less is more.<br \/>\nColorCable Minimalistic Grey is designed in a timeless and minimalist style and infused with the latest fashion colors, so it can adorn our homes instead of being hidden away. Home &#8211; ColorCable powerstrips &#8211; Sustainable Danish design.<\/h4>\n<h4>Leaf Green<br \/>\nGreen shades are natural and exclusive \u2013 graphic and energetic. With green, we can create an atmosphere of nature&#8217;s vibrant life and spring&#8217;s hope for the future. Leaf Green is optimistic like the lightest moss species and bold like a roaring Lamborghini. Be artistic, make others happy, be sustainable.<br \/>\nColorCable Leaf Green is designed in a timeless and minimalist style and infused with the latest fashion colors, so it can adorn our homes instead of being hidden away. Home &#8211; ColorCable powerstrips &#8211; Sustainable Danish design.<\/h4>\n<h4>Experimental Brown<br \/>\nWe know brown colors from natural materials like stone and tile and they can symbolize a simple way of life, but also reduced extravagance. With a slight gray tint, Experimental Brown is warm and cozy in the evening light and subdued in daylight. An experimental alternative to black. Stay in touch with nature, feel the calm and harmony.<br \/>\nColorCable Experimental Brown is designed in a timeless and minimalist style and infused with the latest fashion colors, so it can adorn our homes instead of being hidden away. Home &#8211; ColorCable powerstrips &#8211; Sustainable Danish design.<\/h4>\n<h4><a href=\"https:\/\/colorcable.com\/sustainability-colorcable-baeredygtigt-dansk-design-stikdaaser\/\">https:\/\/colorcable.com\/sustainability-colorcable-baeredygtigt-dansk-design-stikdaaser\/<\/a><\/h4>\n","protected":false},"excerpt":{"rendered":"<p>Vision We make cables beautiful and add colorful design to everyday life. Follow us on our journey. Home &#8211; ColorCable Power Strips &#8211; Sustainable Danish Design. Home &#8211; ColorCable powerstrips &#8211; Sustainable Danish design Shades of gray in various nuances provide a minimalist approach to a stylish, simple, and versatile expression. With the color gray, [&hellip;]<\/p>\n","protected":false},"author":27,"featured_media":0,"parent":0,"menu_order":0,"comment_status":"closed","ping_status":"closed","template":"","meta":{"_acf_changed":false,"inline_featured_image":false,"footnotes":""},"class_list":["post-10","page","type-page","status-publish","hentry"],"acf":[],"yoast_head":"<!-- This site is optimized with the Yoast SEO Premium plugin v26.3 (Yoast SEO v27.3) - https:\/\/yoast.com\/product\/yoast-seo-premium-wordpress\/ -->\n<title>Home - ColorCable powerstrips - Sustainable Danish design<\/title>\n<meta name=\"description\" content=\"Home - ColorCable powerstrips - Sustainable Danish design. F\u00e5 en smuk og b\u00e6redygtig oplevelse med ColorCable powerstrips.\" \/>\n<meta name=\"robots\" content=\"index, follow, max-snippet:-1, max-image-preview:large, max-video-preview:-1\" \/>\n<link rel=\"canonical\" href=\"https:\/\/colorcable.com\/en\/\" \/>\n<meta property=\"og:locale\" content=\"en_US\" \/>\n<meta property=\"og:type\" content=\"article\" \/>\n<meta property=\"og:title\" content=\"Home Designer Powerstrips - Pantone colors - sustainable design\" \/>\n<meta property=\"og:description\" content=\"Enjoy the beautiful harmony of designer powerstrips, pantone colors and sustainable design.\" \/>\n<meta property=\"og:url\" content=\"https:\/\/colorcable.com\/en\/\" \/>\n<meta property=\"og:site_name\" content=\"ColorCable\" \/>\n<meta property=\"article:publisher\" content=\"https:\/\/www.facebook.com\/ColorCable.Official\" \/>\n<meta property=\"article:modified_time\" content=\"2025-04-07T16:56:28+00:00\" \/>\n<meta property=\"og:image\" content=\"https:\/\/colorcable.com\/wp-content\/uploads\/2022\/02\/Still_Home_Top_6_CC_OFFICE-TABLE-SET_HORI_-1024x501.png\" \/>\n\t<meta property=\"og:image:width\" content=\"1024\" \/>\n\t<meta property=\"og:image:height\" content=\"501\" \/>\n\t<meta property=\"og:image:type\" content=\"image\/png\" \/>\n<meta name=\"twitter:card\" content=\"summary_large_image\" \/>\n<meta name=\"twitter:title\" content=\"Home\" \/>\n<meta name=\"twitter:description\" content=\"Vi g\u00f8r kabler smukke og tilf\u00f8jer farverigt design til hverdagen. F\u00f8lg os p\u00e5 vores rejse.\" \/>\n<meta name=\"twitter:label1\" content=\"Est. reading time\" \/>\n\t<meta name=\"twitter:data1\" content=\"5 minutes\" \/>\n<script type=\"application\/ld+json\" class=\"yoast-schema-graph\">{\"@context\":\"https:\\\/\\\/schema.org\",\"@graph\":[{\"@type\":\"WebPage\",\"@id\":\"https:\\\/\\\/colorcable.com\\\/en\\\/\",\"url\":\"https:\\\/\\\/colorcable.com\\\/en\\\/\",\"name\":\"Home - ColorCable powerstrips - Sustainable Danish design\",\"isPartOf\":{\"@id\":\"https:\\\/\\\/colorcable.com\\\/#website\"},\"primaryImageOfPage\":{\"@id\":\"https:\\\/\\\/colorcable.com\\\/en\\\/#primaryimage\"},\"image\":{\"@id\":\"https:\\\/\\\/colorcable.com\\\/en\\\/#primaryimage\"},\"thumbnailUrl\":\"https:\\\/\\\/colorcable.com\\\/wp-content\\\/uploads\\\/2022\\\/02\\\/Still_Home_Top_6_CC_OFFICE-TABLE-SET_HORI_-300x147.png\",\"datePublished\":\"2021-11-03T08:12:31+00:00\",\"dateModified\":\"2025-04-07T16:56:28+00:00\",\"description\":\"Home - ColorCable powerstrips - Sustainable Danish design. F\u00e5 en smuk og b\u00e6redygtig oplevelse med ColorCable powerstrips.\",\"breadcrumb\":{\"@id\":\"https:\\\/\\\/colorcable.com\\\/en\\\/#breadcrumb\"},\"inLanguage\":\"en-US\",\"potentialAction\":[{\"@type\":\"ReadAction\",\"target\":[\"https:\\\/\\\/colorcable.com\\\/en\\\/\"]}]},{\"@type\":\"ImageObject\",\"inLanguage\":\"en-US\",\"@id\":\"https:\\\/\\\/colorcable.com\\\/en\\\/#primaryimage\",\"url\":\"https:\\\/\\\/colorcable.com\\\/wp-content\\\/uploads\\\/2022\\\/02\\\/Still_Home_Top_6_CC_OFFICE-TABLE-SET_HORI_-300x147.png\",\"contentUrl\":\"https:\\\/\\\/colorcable.com\\\/wp-content\\\/uploads\\\/2022\\\/02\\\/Still_Home_Top_6_CC_OFFICE-TABLE-SET_HORI_-300x147.png\"},{\"@type\":\"BreadcrumbList\",\"@id\":\"https:\\\/\\\/colorcable.com\\\/en\\\/#breadcrumb\",\"itemListElement\":[{\"@type\":\"ListItem\",\"position\":1,\"name\":\"Home\",\"item\":\"https:\\\/\\\/colorcable.com\\\/en\\\/\"},{\"@type\":\"ListItem\",\"position\":2,\"name\":\"Home\"}]},{\"@type\":\"WebSite\",\"@id\":\"https:\\\/\\\/colorcable.com\\\/#website\",\"url\":\"https:\\\/\\\/colorcable.com\\\/\",\"name\":\"ColorCable\",\"description\":\"ColorCable - make it different\",\"publisher\":{\"@id\":\"https:\\\/\\\/colorcable.com\\\/#organization\"},\"alternateName\":\"color cable\",\"potentialAction\":[{\"@type\":\"SearchAction\",\"target\":{\"@type\":\"EntryPoint\",\"urlTemplate\":\"https:\\\/\\\/colorcable.com\\\/?s={search_term_string}\"},\"query-input\":{\"@type\":\"PropertyValueSpecification\",\"valueRequired\":true,\"valueName\":\"search_term_string\"}}],\"inLanguage\":\"en-US\"},{\"@type\":\"Organization\",\"@id\":\"https:\\\/\\\/colorcable.com\\\/#organization\",\"name\":\"Colorcable\",\"alternateName\":\"ColorCable\",\"url\":\"https:\\\/\\\/colorcable.com\\\/\",\"logo\":{\"@type\":\"ImageObject\",\"inLanguage\":\"en-US\",\"@id\":\"https:\\\/\\\/colorcable.com\\\/#\\\/schema\\\/logo\\\/image\\\/\",\"url\":\"https:\\\/\\\/colorcable.com\\\/wp-content\\\/uploads\\\/2024\\\/05\\\/If-you-cant-hide-it-Instagram-Logo-V3.png\",\"contentUrl\":\"https:\\\/\\\/colorcable.com\\\/wp-content\\\/uploads\\\/2024\\\/05\\\/If-you-cant-hide-it-Instagram-Logo-V3.png\",\"width\":656,\"height\":656,\"caption\":\"Colorcable\"},\"image\":{\"@id\":\"https:\\\/\\\/colorcable.com\\\/#\\\/schema\\\/logo\\\/image\\\/\"},\"sameAs\":[\"https:\\\/\\\/www.facebook.com\\\/ColorCable.Official\",\"https:\\\/\\\/www.instagram.com\\\/colorcable.official\\\/\",\"https:\\\/\\\/www.linkedin.com\\\/company\\\/colorcable\\\/\"],\"description\":\"ColorCable blev grundlagt i 2019 for at g\u00f8re kabler smukke. Vi har udviklet vores f\u00f8rste to stikd\u00e5ser, og vi har startet vores stille launch i september 2023 med forventning om at lancere vores launch p\u00e5 samme tidspunkt i 2024.\",\"email\":\"hello@colorcable.com\",\"telephone\":\"004520636270\",\"legalName\":\"Colorcable ApS\",\"foundingDate\":\"2021-12-13\",\"vatID\":\"42903531\",\"taxID\":\"42903531\",\"numberOfEmployees\":{\"@type\":\"QuantitativeValue\",\"minValue\":\"1\",\"maxValue\":\"10\"}}]}<\/script>\n<!-- \/ Yoast SEO Premium plugin. -->","yoast_head_json":{"title":"Home - ColorCable powerstrips - Sustainable Danish design","description":"Home - ColorCable powerstrips - Sustainable Danish design. F\u00e5 en smuk og b\u00e6redygtig oplevelse med ColorCable powerstrips.","robots":{"index":"index","follow":"follow","max-snippet":"max-snippet:-1","max-image-preview":"max-image-preview:large","max-video-preview":"max-video-preview:-1"},"canonical":"https:\/\/colorcable.com\/en\/","og_locale":"en_US","og_type":"article","og_title":"Home Designer Powerstrips - Pantone colors - sustainable design","og_description":"Enjoy the beautiful harmony of designer powerstrips, pantone colors and sustainable design.","og_url":"https:\/\/colorcable.com\/en\/","og_site_name":"ColorCable","article_publisher":"https:\/\/www.facebook.com\/ColorCable.Official","article_modified_time":"2025-04-07T16:56:28+00:00","og_image":[{"width":1024,"height":501,"url":"https:\/\/colorcable.com\/wp-content\/uploads\/2022\/02\/Still_Home_Top_6_CC_OFFICE-TABLE-SET_HORI_-1024x501.png","type":"image\/png"}],"twitter_card":"summary_large_image","twitter_title":"Home","twitter_description":"Vi g\u00f8r kabler smukke og tilf\u00f8jer farverigt design til hverdagen. F\u00f8lg os p\u00e5 vores rejse.","twitter_misc":{"Est. reading time":"5 minutes"},"schema":{"@context":"https:\/\/schema.org","@graph":[{"@type":"WebPage","@id":"https:\/\/colorcable.com\/en\/","url":"https:\/\/colorcable.com\/en\/","name":"Home - ColorCable powerstrips - Sustainable Danish design","isPartOf":{"@id":"https:\/\/colorcable.com\/#website"},"primaryImageOfPage":{"@id":"https:\/\/colorcable.com\/en\/#primaryimage"},"image":{"@id":"https:\/\/colorcable.com\/en\/#primaryimage"},"thumbnailUrl":"https:\/\/colorcable.com\/wp-content\/uploads\/2022\/02\/Still_Home_Top_6_CC_OFFICE-TABLE-SET_HORI_-300x147.png","datePublished":"2021-11-03T08:12:31+00:00","dateModified":"2025-04-07T16:56:28+00:00","description":"Home - ColorCable powerstrips - Sustainable Danish design. F\u00e5 en smuk og b\u00e6redygtig oplevelse med ColorCable powerstrips.","breadcrumb":{"@id":"https:\/\/colorcable.com\/en\/#breadcrumb"},"inLanguage":"en-US","potentialAction":[{"@type":"ReadAction","target":["https:\/\/colorcable.com\/en\/"]}]},{"@type":"ImageObject","inLanguage":"en-US","@id":"https:\/\/colorcable.com\/en\/#primaryimage","url":"https:\/\/colorcable.com\/wp-content\/uploads\/2022\/02\/Still_Home_Top_6_CC_OFFICE-TABLE-SET_HORI_-300x147.png","contentUrl":"https:\/\/colorcable.com\/wp-content\/uploads\/2022\/02\/Still_Home_Top_6_CC_OFFICE-TABLE-SET_HORI_-300x147.png"},{"@type":"BreadcrumbList","@id":"https:\/\/colorcable.com\/en\/#breadcrumb","itemListElement":[{"@type":"ListItem","position":1,"name":"Home","item":"https:\/\/colorcable.com\/en\/"},{"@type":"ListItem","position":2,"name":"Home"}]},{"@type":"WebSite","@id":"https:\/\/colorcable.com\/#website","url":"https:\/\/colorcable.com\/","name":"ColorCable","description":"ColorCable - make it different","publisher":{"@id":"https:\/\/colorcable.com\/#organization"},"alternateName":"color cable","potentialAction":[{"@type":"SearchAction","target":{"@type":"EntryPoint","urlTemplate":"https:\/\/colorcable.com\/?s={search_term_string}"},"query-input":{"@type":"PropertyValueSpecification","valueRequired":true,"valueName":"search_term_string"}}],"inLanguage":"en-US"},{"@type":"Organization","@id":"https:\/\/colorcable.com\/#organization","name":"Colorcable","alternateName":"ColorCable","url":"https:\/\/colorcable.com\/","logo":{"@type":"ImageObject","inLanguage":"en-US","@id":"https:\/\/colorcable.com\/#\/schema\/logo\/image\/","url":"https:\/\/colorcable.com\/wp-content\/uploads\/2024\/05\/If-you-cant-hide-it-Instagram-Logo-V3.png","contentUrl":"https:\/\/colorcable.com\/wp-content\/uploads\/2024\/05\/If-you-cant-hide-it-Instagram-Logo-V3.png","width":656,"height":656,"caption":"Colorcable"},"image":{"@id":"https:\/\/colorcable.com\/#\/schema\/logo\/image\/"},"sameAs":["https:\/\/www.facebook.com\/ColorCable.Official","https:\/\/www.instagram.com\/colorcable.official\/","https:\/\/www.linkedin.com\/company\/colorcable\/"],"description":"ColorCable blev grundlagt i 2019 for at g\u00f8re kabler smukke. Vi har udviklet vores f\u00f8rste to stikd\u00e5ser, og vi har startet vores stille launch i september 2023 med forventning om at lancere vores launch p\u00e5 samme tidspunkt i 2024.","email":"hello@colorcable.com","telephone":"004520636270","legalName":"Colorcable ApS","foundingDate":"2021-12-13","vatID":"42903531","taxID":"42903531","numberOfEmployees":{"@type":"QuantitativeValue","minValue":"1","maxValue":"10"}}]}},"_links":{"self":[{"href":"https:\/\/colorcable.com\/en\/wp-json\/wp\/v2\/pages\/10","targetHints":{"allow":["GET"]}}],"collection":[{"href":"https:\/\/colorcable.com\/en\/wp-json\/wp\/v2\/pages"}],"about":[{"href":"https:\/\/colorcable.com\/en\/wp-json\/wp\/v2\/types\/page"}],"author":[{"embeddable":true,"href":"https:\/\/colorcable.com\/en\/wp-json\/wp\/v2\/users\/27"}],"replies":[{"embeddable":true,"href":"https:\/\/colorcable.com\/en\/wp-json\/wp\/v2\/comments?post=10"}],"version-history":[{"count":109,"href":"https:\/\/colorcable.com\/en\/wp-json\/wp\/v2\/pages\/10\/revisions"}],"predecessor-version":[{"id":4524,"href":"https:\/\/colorcable.com\/en\/wp-json\/wp\/v2\/pages\/10\/revisions\/4524"}],"wp:attachment":[{"href":"https:\/\/colorcable.com\/en\/wp-json\/wp\/v2\/media?parent=10"}],"curies":[{"name":"wp","href":"https:\/\/api.w.org\/{rel}","templated":true}]}}