{"id":12,"date":"2021-11-03T08:12:45","date_gmt":"2021-11-03T08:12:45","guid":{"rendered":"http:\/\/color-cable.loc\/?page_id=12"},"modified":"2024-05-19T16:22:10","modified_gmt":"2024-05-19T16:22:10","slug":"colorcable-powerstrips-sustainable-danish-design","status":"publish","type":"page","link":"https:\/\/colorcable.com\/en\/colorcable-powerstrips-sustainable-danish-design\/","title":{"rendered":"Design"},"content":{"rendered":"<h1>Design<\/h1>\n<p>Many of us have always regarded cables as a source of irritation, something to be hidden behind walls or under the sofa. Designer power strips &#8211; ColorCable &#8211; Danish design. ColorCable powerstrips &#8211; Sustainable Danish design.<\/p>\n<figure id=\"attachment_1021\" aria-describedby=\"caption-attachment-1021\" style=\"width: 1024px\" class=\"wp-caption alignnone\"><img decoding=\"async\" class=\"size-large wp-image-1021\" src=\"https:\/\/colorcable.com\/wp-content\/uploads\/2022\/02\/6_CC_OFFICE-TABLE-SET_HORI_-1-1024x576.png\" alt=\"ColorCable - Minimlalist Grey - Sustainable danish design.\" width=\"1024\" height=\"576\" srcset=\"https:\/\/colorcable.com\/wp-content\/uploads\/2022\/02\/6_CC_OFFICE-TABLE-SET_HORI_-1-1024x576.png 1024w, https:\/\/colorcable.com\/wp-content\/uploads\/2022\/02\/6_CC_OFFICE-TABLE-SET_HORI_-1-300x169.png 300w, https:\/\/colorcable.com\/wp-content\/uploads\/2022\/02\/6_CC_OFFICE-TABLE-SET_HORI_-1-600x338.png 600w, https:\/\/colorcable.com\/wp-content\/uploads\/2022\/02\/6_CC_OFFICE-TABLE-SET_HORI_-1-768x432.png 768w, https:\/\/colorcable.com\/wp-content\/uploads\/2022\/02\/6_CC_OFFICE-TABLE-SET_HORI_-1-1536x864.png 1536w, https:\/\/colorcable.com\/wp-content\/uploads\/2022\/02\/6_CC_OFFICE-TABLE-SET_HORI_-1-2048x1152.png 2048w\" sizes=\"(max-width: 1024px) 100vw, 1024px\" \/><figcaption id=\"caption-attachment-1021\" class=\"wp-caption-text\">ColorCable &#8211; Minimlalist Grey &#8211; Sustainable danish design.<\/figcaption><\/figure>\n<p>ColorCable Model 3 Leaf Green, hanging on a sculptural piece.<br \/>\nIn the 2000s, Muuto launched their E27 lamp with a colored cable, matching socket, and an oversized bulb. This highlighted what we normally try to hide. Through the use of colors and design, the cable was transformed from a disruptive element into something exciting and inspiring. Although the concept wasn&#8217;t new, it was ready to become a trend in the coming decades. Since then, colorful cables have spread not only within lamp collections but also in the gadget market, including USB cables and various electronic products. ColorCable\u2019s designer power strips in Pantone colors serve as decorative accessories for our interior design.<\/p>\n<h2>Our design philosophy is rooted in highlighting what cannot be hidden\u2014our motto is clear: &#8220;If you can&#8217;t hide it, make it beautiful.&#8221; ColorCable powerstrips &#8211; Sustainable Danish design.<\/h2>\n<p>We combine this philosophy with a minimalist approach to Danish design and an inspiring palette of colors. Through meticulous market analysis and modeling, we create a design process based on our customers&#8217; needs and the specific market segments where our products will be used.<\/p>\n<p>The sleek and aesthetically pleasing lines of our minimalist designer power strips are conceived by ARDE Design Studio. We chose ARDE because of their impressive portfolio, which includes notable projects for renowned brands like BoConcept and Eva Solo. ARDE Design Studio is grounded in a Scandinavian minimalist approach and prioritizes sustainable design and exclusivity as key elements in their work. ColorCable powerstrips &#8211; Sustainable Danish design.<\/p>\n<p><a href=\"https:\/\/arde.dk\/colorcable\/\">https:\/\/arde.dk\/colorcable\/<\/a><\/p>\n<p>Our approach to colors draws inspiration from the vibrant catwalks of the fashion world, where colors provide a constant source of inspiration and change. At ColorCable, we aim to bring this vibrant energy into your daily life by offering a collection filled with colors and aesthetics that can inspire and bring joy\u2014a collection that perpetually changes and enhances your experience.<\/p>\n<p>ColorCable Model 3 &#8211; Sculptural Setup<\/p>\n<h3>Demand-Driven Sustainability<\/h3>\n<p>We are working towards the UN SDG goals by establishing an SDG requirement with our partners. Since we outsource our production and logistics, our access is indirect, but we can still achieve our objectives. Perhaps with even greater impact, as we also influence our partners&#8217; network and set an example of value creation through design and branding to achieve higher quality and sustainable production. ColorCable powerstrips &#8211; Sustainable Danish design.<\/p>\n<p>With a user-friendly design, we have approached manufacturers in Europe and China with requirements for sustainable production using recycled materials. We didn&#8217;t seek out manufacturers already doing this but those interested in developing sustainable production. We approached them with a 30-60-90 strategy: 30% recycled material for the first production, 60% for the second. Followed by a third horizon goal of 90%, which is not yet possible, but we are participating in changing that. We use a benchmark case from our design studio ARDE, which developed the Nova Sea chair with 96% ocean plastic.<\/p>\n<p>Our logistics subcontractors are currently competing for sustainable logistics services. Emission-free deliveries in cities represent a rapidly developing market trend, and our purchasing decisions can contribute to its growth. Additionally, we are actively working to promote the most environmentally friendly solution for transporting our products from the factory in China to our warehouse in Br\u00f8ndby. Although this transition is progressing more slowly, it remains an area where our demand can drive change: no flights or trains, only shipping.<\/p>\n<p>ColorCable collaborates with &#8216;Offset My Life,&#8217; a Danish organization where anyone can offset their CO2 footprint. Through &#8216;Offset My Life,&#8217; we can choose between planting trees or offsetting our footprint by supporting verified renewable energy projects. Anticipating a CO2 footprint of 50 tons in 2023, which will be fully offset, we divide our investment between the two alternative methods, after planting a tree for each product. ColorCable powerstrips &#8211; Sustainable Danish design.<\/p>\n<p><a href=\"https:\/\/colorcable.com\/sustainability\/\">https:\/\/colorcable.com\/sustainability\/<\/a><\/p>\n","protected":false},"excerpt":{"rendered":"<p>Design Many of us have always regarded cables as a source of irritation, something to be hidden behind walls or under the sofa. Designer power strips &#8211; ColorCable &#8211; Danish design. ColorCable powerstrips &#8211; Sustainable Danish design. ColorCable Model 3 Leaf Green, hanging on a sculptural piece. In the 2000s, Muuto launched their E27 lamp [&hellip;]<\/p>\n","protected":false},"author":27,"featured_media":0,"parent":0,"menu_order":0,"comment_status":"closed","ping_status":"closed","template":"","meta":{"_acf_changed":false,"inline_featured_image":false,"footnotes":""},"class_list":["post-12","page","type-page","status-publish","hentry"],"acf":[],"yoast_head":"<!-- This site is optimized with the Yoast SEO Premium plugin v26.3 (Yoast SEO v27.3) - https:\/\/yoast.com\/product\/yoast-seo-premium-wordpress\/ -->\n<title>ColorCable powerstrips - Sustainable Danish design - Design - ColorCable<\/title>\n<meta name=\"description\" content=\"ColorCable powerstrips - Sustainable Danish design. Vi g\u00f8r kabler smukke og tilf\u00f8jer farverigt design til hverdagen. F\u00f8lg os p\u00e5 vores rejse.\" \/>\n<meta name=\"robots\" content=\"index, follow, max-snippet:-1, max-image-preview:large, max-video-preview:-1\" \/>\n<link rel=\"canonical\" href=\"https:\/\/colorcable.com\/en\/colorcable-powerstrips-sustainable-danish-design\/\" \/>\n<meta property=\"og:locale\" content=\"en_US\" \/>\n<meta property=\"og:type\" content=\"article\" \/>\n<meta property=\"og:title\" content=\"Design\" \/>\n<meta property=\"og:description\" content=\"Vi g\u00f8r kabler smukke og tilf\u00f8jer farverigt design til hverdagen. F\u00f8lg os p\u00e5 vores rejse.\" \/>\n<meta property=\"og:url\" content=\"https:\/\/colorcable.com\/en\/colorcable-powerstrips-sustainable-danish-design\/\" \/>\n<meta property=\"og:site_name\" content=\"ColorCable\" \/>\n<meta property=\"article:publisher\" content=\"https:\/\/www.facebook.com\/ColorCable.Official\" \/>\n<meta property=\"article:modified_time\" content=\"2024-05-19T16:22:10+00:00\" \/>\n<meta property=\"og:image\" content=\"https:\/\/colorcable.com\/wp-content\/uploads\/2022\/02\/6_CC_OFFICE-TABLE-SET_HORI_-1-1024x576.png\" \/>\n<meta name=\"twitter:card\" content=\"summary_large_image\" \/>\n<meta name=\"twitter:label1\" content=\"Est. reading time\" \/>\n\t<meta name=\"twitter:data1\" content=\"4 minutes\" \/>\n<script type=\"application\/ld+json\" class=\"yoast-schema-graph\">{\"@context\":\"https:\\\/\\\/schema.org\",\"@graph\":[{\"@type\":\"WebPage\",\"@id\":\"https:\\\/\\\/colorcable.com\\\/en\\\/colorcable-powerstrips-sustainable-danish-design\\\/\",\"url\":\"https:\\\/\\\/colorcable.com\\\/en\\\/colorcable-powerstrips-sustainable-danish-design\\\/\",\"name\":\"ColorCable powerstrips - Sustainable Danish design - Design - ColorCable\",\"isPartOf\":{\"@id\":\"https:\\\/\\\/colorcable.com\\\/#website\"},\"primaryImageOfPage\":{\"@id\":\"https:\\\/\\\/colorcable.com\\\/en\\\/colorcable-powerstrips-sustainable-danish-design\\\/#primaryimage\"},\"image\":{\"@id\":\"https:\\\/\\\/colorcable.com\\\/en\\\/colorcable-powerstrips-sustainable-danish-design\\\/#primaryimage\"},\"thumbnailUrl\":\"https:\\\/\\\/colorcable.com\\\/wp-content\\\/uploads\\\/2022\\\/02\\\/6_CC_OFFICE-TABLE-SET_HORI_-1-1024x576.png\",\"datePublished\":\"2021-11-03T08:12:45+00:00\",\"dateModified\":\"2024-05-19T16:22:10+00:00\",\"description\":\"ColorCable powerstrips - Sustainable Danish design. Vi g\u00f8r kabler smukke og tilf\u00f8jer farverigt design til hverdagen. F\u00f8lg os p\u00e5 vores rejse.\",\"breadcrumb\":{\"@id\":\"https:\\\/\\\/colorcable.com\\\/en\\\/colorcable-powerstrips-sustainable-danish-design\\\/#breadcrumb\"},\"inLanguage\":\"en-US\",\"potentialAction\":[{\"@type\":\"ReadAction\",\"target\":[\"https:\\\/\\\/colorcable.com\\\/en\\\/colorcable-powerstrips-sustainable-danish-design\\\/\"]}]},{\"@type\":\"ImageObject\",\"inLanguage\":\"en-US\",\"@id\":\"https:\\\/\\\/colorcable.com\\\/en\\\/colorcable-powerstrips-sustainable-danish-design\\\/#primaryimage\",\"url\":\"https:\\\/\\\/colorcable.com\\\/wp-content\\\/uploads\\\/2022\\\/02\\\/6_CC_OFFICE-TABLE-SET_HORI_-1-1024x576.png\",\"contentUrl\":\"https:\\\/\\\/colorcable.com\\\/wp-content\\\/uploads\\\/2022\\\/02\\\/6_CC_OFFICE-TABLE-SET_HORI_-1-1024x576.png\"},{\"@type\":\"BreadcrumbList\",\"@id\":\"https:\\\/\\\/colorcable.com\\\/en\\\/colorcable-powerstrips-sustainable-danish-design\\\/#breadcrumb\",\"itemListElement\":[{\"@type\":\"ListItem\",\"position\":1,\"name\":\"Home\",\"item\":\"https:\\\/\\\/colorcable.com\\\/en\\\/\"},{\"@type\":\"ListItem\",\"position\":2,\"name\":\"Design\"}]},{\"@type\":\"WebSite\",\"@id\":\"https:\\\/\\\/colorcable.com\\\/#website\",\"url\":\"https:\\\/\\\/colorcable.com\\\/\",\"name\":\"ColorCable\",\"description\":\"ColorCable - make it different\",\"publisher\":{\"@id\":\"https:\\\/\\\/colorcable.com\\\/#organization\"},\"alternateName\":\"color cable\",\"potentialAction\":[{\"@type\":\"SearchAction\",\"target\":{\"@type\":\"EntryPoint\",\"urlTemplate\":\"https:\\\/\\\/colorcable.com\\\/?s={search_term_string}\"},\"query-input\":{\"@type\":\"PropertyValueSpecification\",\"valueRequired\":true,\"valueName\":\"search_term_string\"}}],\"inLanguage\":\"en-US\"},{\"@type\":\"Organization\",\"@id\":\"https:\\\/\\\/colorcable.com\\\/#organization\",\"name\":\"Colorcable\",\"alternateName\":\"ColorCable\",\"url\":\"https:\\\/\\\/colorcable.com\\\/\",\"logo\":{\"@type\":\"ImageObject\",\"inLanguage\":\"en-US\",\"@id\":\"https:\\\/\\\/colorcable.com\\\/#\\\/schema\\\/logo\\\/image\\\/\",\"url\":\"https:\\\/\\\/colorcable.com\\\/wp-content\\\/uploads\\\/2024\\\/05\\\/If-you-cant-hide-it-Instagram-Logo-V3.png\",\"contentUrl\":\"https:\\\/\\\/colorcable.com\\\/wp-content\\\/uploads\\\/2024\\\/05\\\/If-you-cant-hide-it-Instagram-Logo-V3.png\",\"width\":656,\"height\":656,\"caption\":\"Colorcable\"},\"image\":{\"@id\":\"https:\\\/\\\/colorcable.com\\\/#\\\/schema\\\/logo\\\/image\\\/\"},\"sameAs\":[\"https:\\\/\\\/www.facebook.com\\\/ColorCable.Official\",\"https:\\\/\\\/www.instagram.com\\\/colorcable.official\\\/\",\"https:\\\/\\\/www.linkedin.com\\\/company\\\/colorcable\\\/\"],\"description\":\"ColorCable blev grundlagt i 2019 for at g\u00f8re kabler smukke. Vi har udviklet vores f\u00f8rste to stikd\u00e5ser, og vi har startet vores stille launch i september 2023 med forventning om at lancere vores launch p\u00e5 samme tidspunkt i 2024.\",\"email\":\"hello@colorcable.com\",\"telephone\":\"004520636270\",\"legalName\":\"Colorcable ApS\",\"foundingDate\":\"2021-12-13\",\"vatID\":\"42903531\",\"taxID\":\"42903531\",\"numberOfEmployees\":{\"@type\":\"QuantitativeValue\",\"minValue\":\"1\",\"maxValue\":\"10\"}}]}<\/script>\n<!-- \/ Yoast SEO Premium plugin. -->","yoast_head_json":{"title":"ColorCable powerstrips - Sustainable Danish design - Design - ColorCable","description":"ColorCable powerstrips - Sustainable Danish design. Vi g\u00f8r kabler smukke og tilf\u00f8jer farverigt design til hverdagen. F\u00f8lg os p\u00e5 vores rejse.","robots":{"index":"index","follow":"follow","max-snippet":"max-snippet:-1","max-image-preview":"max-image-preview:large","max-video-preview":"max-video-preview:-1"},"canonical":"https:\/\/colorcable.com\/en\/colorcable-powerstrips-sustainable-danish-design\/","og_locale":"en_US","og_type":"article","og_title":"Design","og_description":"Vi g\u00f8r kabler smukke og tilf\u00f8jer farverigt design til hverdagen. F\u00f8lg os p\u00e5 vores rejse.","og_url":"https:\/\/colorcable.com\/en\/colorcable-powerstrips-sustainable-danish-design\/","og_site_name":"ColorCable","article_publisher":"https:\/\/www.facebook.com\/ColorCable.Official","article_modified_time":"2024-05-19T16:22:10+00:00","og_image":[{"url":"https:\/\/colorcable.com\/wp-content\/uploads\/2022\/02\/6_CC_OFFICE-TABLE-SET_HORI_-1-1024x576.png","type":"","width":"","height":""}],"twitter_card":"summary_large_image","twitter_misc":{"Est. reading time":"4 minutes"},"schema":{"@context":"https:\/\/schema.org","@graph":[{"@type":"WebPage","@id":"https:\/\/colorcable.com\/en\/colorcable-powerstrips-sustainable-danish-design\/","url":"https:\/\/colorcable.com\/en\/colorcable-powerstrips-sustainable-danish-design\/","name":"ColorCable powerstrips - Sustainable Danish design - Design - ColorCable","isPartOf":{"@id":"https:\/\/colorcable.com\/#website"},"primaryImageOfPage":{"@id":"https:\/\/colorcable.com\/en\/colorcable-powerstrips-sustainable-danish-design\/#primaryimage"},"image":{"@id":"https:\/\/colorcable.com\/en\/colorcable-powerstrips-sustainable-danish-design\/#primaryimage"},"thumbnailUrl":"https:\/\/colorcable.com\/wp-content\/uploads\/2022\/02\/6_CC_OFFICE-TABLE-SET_HORI_-1-1024x576.png","datePublished":"2021-11-03T08:12:45+00:00","dateModified":"2024-05-19T16:22:10+00:00","description":"ColorCable powerstrips - Sustainable Danish design. Vi g\u00f8r kabler smukke og tilf\u00f8jer farverigt design til hverdagen. F\u00f8lg os p\u00e5 vores rejse.","breadcrumb":{"@id":"https:\/\/colorcable.com\/en\/colorcable-powerstrips-sustainable-danish-design\/#breadcrumb"},"inLanguage":"en-US","potentialAction":[{"@type":"ReadAction","target":["https:\/\/colorcable.com\/en\/colorcable-powerstrips-sustainable-danish-design\/"]}]},{"@type":"ImageObject","inLanguage":"en-US","@id":"https:\/\/colorcable.com\/en\/colorcable-powerstrips-sustainable-danish-design\/#primaryimage","url":"https:\/\/colorcable.com\/wp-content\/uploads\/2022\/02\/6_CC_OFFICE-TABLE-SET_HORI_-1-1024x576.png","contentUrl":"https:\/\/colorcable.com\/wp-content\/uploads\/2022\/02\/6_CC_OFFICE-TABLE-SET_HORI_-1-1024x576.png"},{"@type":"BreadcrumbList","@id":"https:\/\/colorcable.com\/en\/colorcable-powerstrips-sustainable-danish-design\/#breadcrumb","itemListElement":[{"@type":"ListItem","position":1,"name":"Home","item":"https:\/\/colorcable.com\/en\/"},{"@type":"ListItem","position":2,"name":"Design"}]},{"@type":"WebSite","@id":"https:\/\/colorcable.com\/#website","url":"https:\/\/colorcable.com\/","name":"ColorCable","description":"ColorCable - make it different","publisher":{"@id":"https:\/\/colorcable.com\/#organization"},"alternateName":"color cable","potentialAction":[{"@type":"SearchAction","target":{"@type":"EntryPoint","urlTemplate":"https:\/\/colorcable.com\/?s={search_term_string}"},"query-input":{"@type":"PropertyValueSpecification","valueRequired":true,"valueName":"search_term_string"}}],"inLanguage":"en-US"},{"@type":"Organization","@id":"https:\/\/colorcable.com\/#organization","name":"Colorcable","alternateName":"ColorCable","url":"https:\/\/colorcable.com\/","logo":{"@type":"ImageObject","inLanguage":"en-US","@id":"https:\/\/colorcable.com\/#\/schema\/logo\/image\/","url":"https:\/\/colorcable.com\/wp-content\/uploads\/2024\/05\/If-you-cant-hide-it-Instagram-Logo-V3.png","contentUrl":"https:\/\/colorcable.com\/wp-content\/uploads\/2024\/05\/If-you-cant-hide-it-Instagram-Logo-V3.png","width":656,"height":656,"caption":"Colorcable"},"image":{"@id":"https:\/\/colorcable.com\/#\/schema\/logo\/image\/"},"sameAs":["https:\/\/www.facebook.com\/ColorCable.Official","https:\/\/www.instagram.com\/colorcable.official\/","https:\/\/www.linkedin.com\/company\/colorcable\/"],"description":"ColorCable blev grundlagt i 2019 for at g\u00f8re kabler smukke. Vi har udviklet vores f\u00f8rste to stikd\u00e5ser, og vi har startet vores stille launch i september 2023 med forventning om at lancere vores launch p\u00e5 samme tidspunkt i 2024.","email":"hello@colorcable.com","telephone":"004520636270","legalName":"Colorcable ApS","foundingDate":"2021-12-13","vatID":"42903531","taxID":"42903531","numberOfEmployees":{"@type":"QuantitativeValue","minValue":"1","maxValue":"10"}}]}},"_links":{"self":[{"href":"https:\/\/colorcable.com\/en\/wp-json\/wp\/v2\/pages\/12","targetHints":{"allow":["GET"]}}],"collection":[{"href":"https:\/\/colorcable.com\/en\/wp-json\/wp\/v2\/pages"}],"about":[{"href":"https:\/\/colorcable.com\/en\/wp-json\/wp\/v2\/types\/page"}],"author":[{"embeddable":true,"href":"https:\/\/colorcable.com\/en\/wp-json\/wp\/v2\/users\/27"}],"replies":[{"embeddable":true,"href":"https:\/\/colorcable.com\/en\/wp-json\/wp\/v2\/comments?post=12"}],"version-history":[{"count":27,"href":"https:\/\/colorcable.com\/en\/wp-json\/wp\/v2\/pages\/12\/revisions"}],"predecessor-version":[{"id":3109,"href":"https:\/\/colorcable.com\/en\/wp-json\/wp\/v2\/pages\/12\/revisions\/3109"}],"wp:attachment":[{"href":"https:\/\/colorcable.com\/en\/wp-json\/wp\/v2\/media?parent=12"}],"curies":[{"name":"wp","href":"https:\/\/api.w.org\/{rel}","templated":true}]}}