{"id":1676,"date":"2023-10-06T09:45:11","date_gmt":"2023-10-06T09:45:11","guid":{"rendered":"https:\/\/colorcable.com\/?page_id=1676"},"modified":"2024-10-27T14:31:53","modified_gmt":"2024-10-27T14:31:53","slug":"colorcable-powerstrips-sustainable-cables","status":"publish","type":"page","link":"https:\/\/colorcable.com\/en\/colorcable-powerstrips-sustainable-cables\/","title":{"rendered":"Sustainability"},"content":{"rendered":"<h1>ColorCable powerstrips &#8211; Sustainable cables<\/h1>\n<p>We work with the UN&#8217;s SDG goals by establishing an SDG requirement for our partners. Since we outsource our production and logistics, our access is indirect, but we can still achieve our goals. Perhaps with even greater impact, as we also influence our partners&#8217; networks and set an example of value creation through design and branding to achieve a higher quality and sustainable production. ColorCable powerstrips &#8211; Sustainable cables<\/p>\n<figure id=\"attachment_3070\" aria-describedby=\"caption-attachment-3070\" style=\"width: 1024px\" class=\"wp-caption alignnone\"><img decoding=\"async\" class=\"wp-image-3070 size-large\" src=\"https:\/\/colorcable.com\/wp-content\/uploads\/2024\/05\/Nova-Sea-V2-1024x787.png\" alt=\"ColorCable powerstrips - Deman driven Sustainability\" width=\"1024\" height=\"787\" srcset=\"https:\/\/colorcable.com\/wp-content\/uploads\/2024\/05\/Nova-Sea-V2-1024x787.png 1024w, https:\/\/colorcable.com\/wp-content\/uploads\/2024\/05\/Nova-Sea-V2-300x230.png 300w, https:\/\/colorcable.com\/wp-content\/uploads\/2024\/05\/Nova-Sea-V2-768x590.png 768w, https:\/\/colorcable.com\/wp-content\/uploads\/2024\/05\/Nova-Sea-V2-600x461.png 600w, https:\/\/colorcable.com\/wp-content\/uploads\/2024\/05\/Nova-Sea-V2.png 1260w\" sizes=\"(max-width: 1024px) 100vw, 1024px\" \/><figcaption id=\"caption-attachment-3070\" class=\"wp-caption-text\">Nova Sea from ARDE Design Studio in 98% ocean plastic.<\/figcaption><\/figure>\n<p><a href=\"https:\/\/materdesign.com\/products\/nova-sea-sidechair-by-arde\">https:\/\/materdesign.com\/products\/nova-sea-sidechair-by-arde<\/a><\/p>\n<h3>With a user-friendly design, we have approached manufacturers in Europe and China with demands for sustainable production using recycled materials. We did not seek out manufacturers who are already doing this but those who are interested in developing sustainable production. We approached them with a 30-60-90 strategy: 30% recycled material for the first production, 60% for the second, followed by a third horizon goal of 90%, which is not yet possible, but we are participating in changing that. We use a benchmark case from our design studio ARDE, which developed the Nova Sea chair with 96% ocean plastic. ColorCable powerstrips &#8211; Sustainable cables<\/h3>\n<p>Our logistics subcontractors are currently competing for sustainable logistics services. Emission-free deliveries in cities represent a rapidly developing market trend, and our procurement decisions can contribute to its growth. Additionally, we are actively working to promote the most environmentally friendly solution for transporting our products from the factory in China to our warehouse in Br\u00f8ndby. Although this transition is progressing more slowly, it is still an area where our demand can drive change: no flights or trains, only shipping. ColorCable powerstrips &#8211; Sustainable cables<\/p>\n<p>ColorCable collaborates with &#8216;Offset My Life,&#8217; a Danish organization where everyone can offset their CO2 footprint. Through &#8216;Offset My Life,&#8217; we can choose between planting trees or offsetting our footprint by supporting verified renewable energy projects. Expecting a CO2 footprint of 50 tons in 2023, which will be fully compensated, we split our investment between the two alternative methods after planting a tree for each product.<\/p>\n<p><a href=\"https:\/\/colorcable.com\/en\/\">https:\/\/colorcable.com\/en\/<\/a><\/p>\n","protected":false},"excerpt":{"rendered":"<p>ColorCable powerstrips &#8211; Sustainable cables We work with the UN&#8217;s SDG goals by establishing an SDG requirement for our partners. Since we outsource our production and logistics, our access is indirect, but we can still achieve our goals. Perhaps with even greater impact, as we also influence our partners&#8217; networks and set an example of [&hellip;]<\/p>\n","protected":false},"author":6,"featured_media":0,"parent":0,"menu_order":0,"comment_status":"closed","ping_status":"closed","template":"","meta":{"_acf_changed":false,"inline_featured_image":false,"footnotes":""},"class_list":["post-1676","page","type-page","status-publish","hentry"],"acf":[],"yoast_head":"<!-- This site is optimized with the Yoast SEO Premium plugin v26.3 (Yoast SEO v27.3) - https:\/\/yoast.com\/product\/yoast-seo-premium-wordpress\/ -->\n<title>ColorCable powerstrips - Sustainable cables Sustainability - ColorCable<\/title>\n<meta name=\"description\" content=\"ColorCable powerstrips - Sustainable cables in Danish design. We plant a tree for every ColorCable. Follow our journey!\" \/>\n<meta name=\"robots\" content=\"index, follow, max-snippet:-1, max-image-preview:large, max-video-preview:-1\" \/>\n<link rel=\"canonical\" href=\"https:\/\/colorcable.com\/en\/colorcable-powerstrips-sustainable-cables\/\" \/>\n<meta property=\"og:locale\" content=\"en_US\" \/>\n<meta property=\"og:type\" content=\"article\" \/>\n<meta property=\"og:title\" content=\"Sustainability\" \/>\n<meta property=\"og:description\" content=\"Vi g\u00f8r kabler smukke og tilf\u00f8jer farverigt design til hverdagen. F\u00f8lg os p\u00e5 vores rejse.\" \/>\n<meta property=\"og:url\" content=\"https:\/\/colorcable.com\/en\/colorcable-powerstrips-sustainable-cables\/\" \/>\n<meta property=\"og:site_name\" content=\"ColorCable\" \/>\n<meta property=\"article:publisher\" content=\"https:\/\/www.facebook.com\/ColorCable.Official\" \/>\n<meta property=\"article:modified_time\" content=\"2024-10-27T14:31:53+00:00\" \/>\n<meta property=\"og:image\" content=\"https:\/\/colorcable.com\/wp-content\/uploads\/2024\/05\/Nova-Sea-V2.png\" \/>\n\t<meta property=\"og:image:width\" content=\"1260\" \/>\n\t<meta property=\"og:image:height\" content=\"968\" \/>\n\t<meta property=\"og:image:type\" content=\"image\/png\" \/>\n<meta name=\"twitter:card\" content=\"summary_large_image\" \/>\n<meta name=\"twitter:label1\" content=\"Est. reading time\" \/>\n\t<meta name=\"twitter:data1\" content=\"2 minutes\" \/>\n<script type=\"application\/ld+json\" class=\"yoast-schema-graph\">{\"@context\":\"https:\\\/\\\/schema.org\",\"@graph\":[{\"@type\":\"WebPage\",\"@id\":\"https:\\\/\\\/colorcable.com\\\/en\\\/colorcable-powerstrips-sustainable-cables\\\/\",\"url\":\"https:\\\/\\\/colorcable.com\\\/en\\\/colorcable-powerstrips-sustainable-cables\\\/\",\"name\":\"ColorCable powerstrips - Sustainable cables Sustainability - ColorCable\",\"isPartOf\":{\"@id\":\"https:\\\/\\\/colorcable.com\\\/#website\"},\"primaryImageOfPage\":{\"@id\":\"https:\\\/\\\/colorcable.com\\\/en\\\/colorcable-powerstrips-sustainable-cables\\\/#primaryimage\"},\"image\":{\"@id\":\"https:\\\/\\\/colorcable.com\\\/en\\\/colorcable-powerstrips-sustainable-cables\\\/#primaryimage\"},\"thumbnailUrl\":\"https:\\\/\\\/colorcable.com\\\/wp-content\\\/uploads\\\/2024\\\/05\\\/Nova-Sea-V2-1024x787.png\",\"datePublished\":\"2023-10-06T09:45:11+00:00\",\"dateModified\":\"2024-10-27T14:31:53+00:00\",\"description\":\"ColorCable powerstrips - Sustainable cables in Danish design. We plant a tree for every ColorCable. Follow our journey!\",\"breadcrumb\":{\"@id\":\"https:\\\/\\\/colorcable.com\\\/en\\\/colorcable-powerstrips-sustainable-cables\\\/#breadcrumb\"},\"inLanguage\":\"en-US\",\"potentialAction\":[{\"@type\":\"ReadAction\",\"target\":[\"https:\\\/\\\/colorcable.com\\\/en\\\/colorcable-powerstrips-sustainable-cables\\\/\"]}]},{\"@type\":\"ImageObject\",\"inLanguage\":\"en-US\",\"@id\":\"https:\\\/\\\/colorcable.com\\\/en\\\/colorcable-powerstrips-sustainable-cables\\\/#primaryimage\",\"url\":\"https:\\\/\\\/colorcable.com\\\/wp-content\\\/uploads\\\/2024\\\/05\\\/Nova-Sea-V2-1024x787.png\",\"contentUrl\":\"https:\\\/\\\/colorcable.com\\\/wp-content\\\/uploads\\\/2024\\\/05\\\/Nova-Sea-V2-1024x787.png\"},{\"@type\":\"BreadcrumbList\",\"@id\":\"https:\\\/\\\/colorcable.com\\\/en\\\/colorcable-powerstrips-sustainable-cables\\\/#breadcrumb\",\"itemListElement\":[{\"@type\":\"ListItem\",\"position\":1,\"name\":\"Home\",\"item\":\"https:\\\/\\\/colorcable.com\\\/en\\\/\"},{\"@type\":\"ListItem\",\"position\":2,\"name\":\"Sustainability\"}]},{\"@type\":\"WebSite\",\"@id\":\"https:\\\/\\\/colorcable.com\\\/#website\",\"url\":\"https:\\\/\\\/colorcable.com\\\/\",\"name\":\"ColorCable\",\"description\":\"ColorCable - make it different\",\"publisher\":{\"@id\":\"https:\\\/\\\/colorcable.com\\\/#organization\"},\"alternateName\":\"color cable\",\"potentialAction\":[{\"@type\":\"SearchAction\",\"target\":{\"@type\":\"EntryPoint\",\"urlTemplate\":\"https:\\\/\\\/colorcable.com\\\/?s={search_term_string}\"},\"query-input\":{\"@type\":\"PropertyValueSpecification\",\"valueRequired\":true,\"valueName\":\"search_term_string\"}}],\"inLanguage\":\"en-US\"},{\"@type\":\"Organization\",\"@id\":\"https:\\\/\\\/colorcable.com\\\/#organization\",\"name\":\"Colorcable\",\"alternateName\":\"ColorCable\",\"url\":\"https:\\\/\\\/colorcable.com\\\/\",\"logo\":{\"@type\":\"ImageObject\",\"inLanguage\":\"en-US\",\"@id\":\"https:\\\/\\\/colorcable.com\\\/#\\\/schema\\\/logo\\\/image\\\/\",\"url\":\"https:\\\/\\\/colorcable.com\\\/wp-content\\\/uploads\\\/2024\\\/05\\\/If-you-cant-hide-it-Instagram-Logo-V3.png\",\"contentUrl\":\"https:\\\/\\\/colorcable.com\\\/wp-content\\\/uploads\\\/2024\\\/05\\\/If-you-cant-hide-it-Instagram-Logo-V3.png\",\"width\":656,\"height\":656,\"caption\":\"Colorcable\"},\"image\":{\"@id\":\"https:\\\/\\\/colorcable.com\\\/#\\\/schema\\\/logo\\\/image\\\/\"},\"sameAs\":[\"https:\\\/\\\/www.facebook.com\\\/ColorCable.Official\",\"https:\\\/\\\/www.instagram.com\\\/colorcable.official\\\/\",\"https:\\\/\\\/www.linkedin.com\\\/company\\\/colorcable\\\/\"],\"description\":\"ColorCable blev grundlagt i 2019 for at g\u00f8re kabler smukke. Vi har udviklet vores f\u00f8rste to stikd\u00e5ser, og vi har startet vores stille launch i september 2023 med forventning om at lancere vores launch p\u00e5 samme tidspunkt i 2024.\",\"email\":\"hello@colorcable.com\",\"telephone\":\"004520636270\",\"legalName\":\"Colorcable ApS\",\"foundingDate\":\"2021-12-13\",\"vatID\":\"42903531\",\"taxID\":\"42903531\",\"numberOfEmployees\":{\"@type\":\"QuantitativeValue\",\"minValue\":\"1\",\"maxValue\":\"10\"}}]}<\/script>\n<!-- \/ Yoast SEO Premium plugin. -->","yoast_head_json":{"title":"ColorCable powerstrips - Sustainable cables Sustainability - ColorCable","description":"ColorCable powerstrips - Sustainable cables in Danish design. We plant a tree for every ColorCable. Follow our journey!","robots":{"index":"index","follow":"follow","max-snippet":"max-snippet:-1","max-image-preview":"max-image-preview:large","max-video-preview":"max-video-preview:-1"},"canonical":"https:\/\/colorcable.com\/en\/colorcable-powerstrips-sustainable-cables\/","og_locale":"en_US","og_type":"article","og_title":"Sustainability","og_description":"Vi g\u00f8r kabler smukke og tilf\u00f8jer farverigt design til hverdagen. F\u00f8lg os p\u00e5 vores rejse.","og_url":"https:\/\/colorcable.com\/en\/colorcable-powerstrips-sustainable-cables\/","og_site_name":"ColorCable","article_publisher":"https:\/\/www.facebook.com\/ColorCable.Official","article_modified_time":"2024-10-27T14:31:53+00:00","og_image":[{"width":1260,"height":968,"url":"https:\/\/colorcable.com\/wp-content\/uploads\/2024\/05\/Nova-Sea-V2.png","type":"image\/png"}],"twitter_card":"summary_large_image","twitter_misc":{"Est. reading time":"2 minutes"},"schema":{"@context":"https:\/\/schema.org","@graph":[{"@type":"WebPage","@id":"https:\/\/colorcable.com\/en\/colorcable-powerstrips-sustainable-cables\/","url":"https:\/\/colorcable.com\/en\/colorcable-powerstrips-sustainable-cables\/","name":"ColorCable powerstrips - Sustainable cables Sustainability - ColorCable","isPartOf":{"@id":"https:\/\/colorcable.com\/#website"},"primaryImageOfPage":{"@id":"https:\/\/colorcable.com\/en\/colorcable-powerstrips-sustainable-cables\/#primaryimage"},"image":{"@id":"https:\/\/colorcable.com\/en\/colorcable-powerstrips-sustainable-cables\/#primaryimage"},"thumbnailUrl":"https:\/\/colorcable.com\/wp-content\/uploads\/2024\/05\/Nova-Sea-V2-1024x787.png","datePublished":"2023-10-06T09:45:11+00:00","dateModified":"2024-10-27T14:31:53+00:00","description":"ColorCable powerstrips - Sustainable cables in Danish design. We plant a tree for every ColorCable. Follow our journey!","breadcrumb":{"@id":"https:\/\/colorcable.com\/en\/colorcable-powerstrips-sustainable-cables\/#breadcrumb"},"inLanguage":"en-US","potentialAction":[{"@type":"ReadAction","target":["https:\/\/colorcable.com\/en\/colorcable-powerstrips-sustainable-cables\/"]}]},{"@type":"ImageObject","inLanguage":"en-US","@id":"https:\/\/colorcable.com\/en\/colorcable-powerstrips-sustainable-cables\/#primaryimage","url":"https:\/\/colorcable.com\/wp-content\/uploads\/2024\/05\/Nova-Sea-V2-1024x787.png","contentUrl":"https:\/\/colorcable.com\/wp-content\/uploads\/2024\/05\/Nova-Sea-V2-1024x787.png"},{"@type":"BreadcrumbList","@id":"https:\/\/colorcable.com\/en\/colorcable-powerstrips-sustainable-cables\/#breadcrumb","itemListElement":[{"@type":"ListItem","position":1,"name":"Home","item":"https:\/\/colorcable.com\/en\/"},{"@type":"ListItem","position":2,"name":"Sustainability"}]},{"@type":"WebSite","@id":"https:\/\/colorcable.com\/#website","url":"https:\/\/colorcable.com\/","name":"ColorCable","description":"ColorCable - make it different","publisher":{"@id":"https:\/\/colorcable.com\/#organization"},"alternateName":"color cable","potentialAction":[{"@type":"SearchAction","target":{"@type":"EntryPoint","urlTemplate":"https:\/\/colorcable.com\/?s={search_term_string}"},"query-input":{"@type":"PropertyValueSpecification","valueRequired":true,"valueName":"search_term_string"}}],"inLanguage":"en-US"},{"@type":"Organization","@id":"https:\/\/colorcable.com\/#organization","name":"Colorcable","alternateName":"ColorCable","url":"https:\/\/colorcable.com\/","logo":{"@type":"ImageObject","inLanguage":"en-US","@id":"https:\/\/colorcable.com\/#\/schema\/logo\/image\/","url":"https:\/\/colorcable.com\/wp-content\/uploads\/2024\/05\/If-you-cant-hide-it-Instagram-Logo-V3.png","contentUrl":"https:\/\/colorcable.com\/wp-content\/uploads\/2024\/05\/If-you-cant-hide-it-Instagram-Logo-V3.png","width":656,"height":656,"caption":"Colorcable"},"image":{"@id":"https:\/\/colorcable.com\/#\/schema\/logo\/image\/"},"sameAs":["https:\/\/www.facebook.com\/ColorCable.Official","https:\/\/www.instagram.com\/colorcable.official\/","https:\/\/www.linkedin.com\/company\/colorcable\/"],"description":"ColorCable blev grundlagt i 2019 for at g\u00f8re kabler smukke. Vi har udviklet vores f\u00f8rste to stikd\u00e5ser, og vi har startet vores stille launch i september 2023 med forventning om at lancere vores launch p\u00e5 samme tidspunkt i 2024.","email":"hello@colorcable.com","telephone":"004520636270","legalName":"Colorcable ApS","foundingDate":"2021-12-13","vatID":"42903531","taxID":"42903531","numberOfEmployees":{"@type":"QuantitativeValue","minValue":"1","maxValue":"10"}}]}},"_links":{"self":[{"href":"https:\/\/colorcable.com\/en\/wp-json\/wp\/v2\/pages\/1676","targetHints":{"allow":["GET"]}}],"collection":[{"href":"https:\/\/colorcable.com\/en\/wp-json\/wp\/v2\/pages"}],"about":[{"href":"https:\/\/colorcable.com\/en\/wp-json\/wp\/v2\/types\/page"}],"author":[{"embeddable":true,"href":"https:\/\/colorcable.com\/en\/wp-json\/wp\/v2\/users\/6"}],"replies":[{"embeddable":true,"href":"https:\/\/colorcable.com\/en\/wp-json\/wp\/v2\/comments?post=1676"}],"version-history":[{"count":17,"href":"https:\/\/colorcable.com\/en\/wp-json\/wp\/v2\/pages\/1676\/revisions"}],"predecessor-version":[{"id":3508,"href":"https:\/\/colorcable.com\/en\/wp-json\/wp\/v2\/pages\/1676\/revisions\/3508"}],"wp:attachment":[{"href":"https:\/\/colorcable.com\/en\/wp-json\/wp\/v2\/media?parent=1676"}],"curies":[{"name":"wp","href":"https:\/\/api.w.org\/{rel}","templated":true}]}}