{"id":457,"date":"2021-12-07T10:54:30","date_gmt":"2021-12-07T10:54:30","guid":{"rendered":"http:\/\/color-cable.loc\/product\/mars-brown\/"},"modified":"2025-02-01T14:38:58","modified_gmt":"2025-02-01T14:38:58","slug":"cheerful-turquoise","status":"publish","type":"product","link":"https:\/\/colorcable.com\/en\/product\/cheerful-turquoise\/","title":{"rendered":"Cheerful Turquoise"},"content":{"rendered":"","protected":false},"excerpt":{"rendered":"<p>ColorCable Model 3 powerstrip.<\/p>\n<p>Turquoise is a timeless and powerful expression. Icy and innovative almost excessive. Be cheerful, be enthusiastic, bring it on.<\/p>\n<p><span style=\"color: #5aa295;\">&#8211; In Stock.<br \/>\n<span style=\"color: #5aa295;\">&#8211; Full Return policy.<br \/>\n<span style=\"color: #5aa295;\">&#8211; 30% Recycled materials.<br \/>\n<span style=\"color: #5aa295;\">&#8211; Shipment within 24 hours.<\/span><\/span><\/span><\/span><\/p>\n","protected":false},"featured_media":3782,"comment_status":"closed","ping_status":"closed","template":"","meta":{"_acf_changed":false,"inline_featured_image":false,"footnotes":""},"product_brand":[],"product_cat":[27],"product_tag":[49,42,46,45,44,47],"class_list":{"0":"post-457","1":"product","2":"type-product","3":"status-publish","4":"has-post-thumbnail","6":"product_cat-simple","7":"product_tag-cheerfulturquoise","8":"product_tag-colorcable","9":"product_tag-danishdesign","10":"product_tag-forlaengerledninger","11":"product_tag-stikdaaser","12":"product_tag-sustainabledesign","14":"first","15":"instock","16":"shipping-taxable","17":"purchasable","18":"product-type-simple"},"bundled_by":["460","2212","2216"],"bundle_stock_status":"instock","bundle_stock_quantity":null,"bundle_virtual":false,"bundle_layout":"","bundle_add_to_cart_form_location":"","bundle_editable_in_cart":false,"bundle_sold_individually_context":"","bundle_item_grouping":"","bundle_min_size":"","bundle_max_size":"","bundle_price":[],"bundled_items":[],"bundle_sell_ids":[],"acf":[],"yoast_head":"<!-- This site is optimized with the Yoast SEO Premium plugin v26.3 (Yoast SEO v27.3) - https:\/\/yoast.com\/product\/yoast-seo-premium-wordpress\/ -->\n<title>Cheerful Turquoise - ColorCable<\/title>\n<meta name=\"description\" content=\"Vi g\u00f8r kabler smukke og tilf\u00f8jer farverigt design til hverdagen. F\u00f8lg os p\u00e5 vores rejse.\" \/>\n<meta name=\"robots\" content=\"index, follow, max-snippet:-1, max-image-preview:large, max-video-preview:-1\" \/>\n<link rel=\"canonical\" href=\"https:\/\/colorcable.com\/en\/product\/cheerful-turquoise\/\" \/>\n<meta property=\"og:locale\" content=\"en_US\" \/>\n<meta property=\"og:type\" content=\"article\" \/>\n<meta property=\"og:title\" content=\"Cheerful Turquoise\" \/>\n<meta property=\"og:description\" content=\"Vi g\u00f8r kabler smukke og tilf\u00f8jer farverigt design til hverdagen. F\u00f8lg os p\u00e5 vores rejse.\" \/>\n<meta property=\"og:url\" content=\"https:\/\/colorcable.com\/en\/product\/cheerful-turquoise\/\" \/>\n<meta property=\"og:site_name\" content=\"ColorCable\" \/>\n<meta property=\"article:publisher\" content=\"https:\/\/www.facebook.com\/ColorCable.Official\" \/>\n<meta property=\"article:modified_time\" content=\"2025-02-01T14:38:58+00:00\" \/>\n<meta property=\"og:image\" content=\"https:\/\/colorcable.com\/wp-content\/uploads\/2024\/12\/Packshot-Cheerful-Turquoisen-background-01.png\" \/>\n\t<meta property=\"og:image:width\" content=\"1080\" \/>\n\t<meta property=\"og:image:height\" content=\"1080\" \/>\n\t<meta property=\"og:image:type\" content=\"image\/png\" \/>\n<meta name=\"twitter:card\" content=\"summary_large_image\" \/>\n<meta name=\"twitter:label1\" content=\"Price\" \/>\n\t<meta name=\"twitter:data1\" content=\"&euro;35.00\" \/>\n\t<meta name=\"twitter:label2\" content=\"Availability\" \/>\n\t<meta name=\"twitter:data2\" content=\"In stock\" \/>\n<script type=\"application\/ld+json\" class=\"yoast-schema-graph\">{\"@context\":\"https:\\\/\\\/schema.org\",\"@graph\":[{\"@type\":\"WebPage\",\"@id\":\"https:\\\/\\\/colorcable.com\\\/en\\\/product\\\/cheerful-turquoise\\\/\",\"url\":\"https:\\\/\\\/colorcable.com\\\/en\\\/product\\\/cheerful-turquoise\\\/\",\"name\":\"Cheerful Turquoise - ColorCable\",\"isPartOf\":{\"@id\":\"https:\\\/\\\/colorcable.com\\\/#website\"},\"primaryImageOfPage\":{\"@id\":\"https:\\\/\\\/colorcable.com\\\/en\\\/product\\\/cheerful-turquoise\\\/#primaryimage\"},\"image\":{\"@id\":\"https:\\\/\\\/colorcable.com\\\/en\\\/product\\\/cheerful-turquoise\\\/#primaryimage\"},\"thumbnailUrl\":\"https:\\\/\\\/colorcable.com\\\/wp-content\\\/uploads\\\/2024\\\/12\\\/Packshot-Cheerful-Turquoisen-background-01.png\",\"datePublished\":\"2021-12-07T10:54:30+00:00\",\"dateModified\":\"2025-02-01T14:38:58+00:00\",\"description\":\"Vi g\u00f8r kabler smukke og tilf\u00f8jer farverigt design til hverdagen. F\u00f8lg os p\u00e5 vores rejse.\",\"breadcrumb\":{\"@id\":\"https:\\\/\\\/colorcable.com\\\/en\\\/product\\\/cheerful-turquoise\\\/#breadcrumb\"},\"inLanguage\":\"en-US\",\"potentialAction\":[{\"@type\":\"ReadAction\",\"target\":[\"https:\\\/\\\/colorcable.com\\\/en\\\/product\\\/cheerful-turquoise\\\/\"]}]},{\"@type\":\"ImageObject\",\"inLanguage\":\"en-US\",\"@id\":\"https:\\\/\\\/colorcable.com\\\/en\\\/product\\\/cheerful-turquoise\\\/#primaryimage\",\"url\":\"https:\\\/\\\/colorcable.com\\\/wp-content\\\/uploads\\\/2024\\\/12\\\/Packshot-Cheerful-Turquoisen-background-01.png\",\"contentUrl\":\"https:\\\/\\\/colorcable.com\\\/wp-content\\\/uploads\\\/2024\\\/12\\\/Packshot-Cheerful-Turquoisen-background-01.png\",\"width\":1080,\"height\":1080},{\"@type\":\"BreadcrumbList\",\"@id\":\"https:\\\/\\\/colorcable.com\\\/en\\\/product\\\/cheerful-turquoise\\\/#breadcrumb\",\"itemListElement\":[{\"@type\":\"ListItem\",\"position\":1,\"name\":\"Home\",\"item\":\"https:\\\/\\\/colorcable.com\\\/en\\\/\"},{\"@type\":\"ListItem\",\"position\":2,\"name\":\"Shop\",\"item\":\"https:\\\/\\\/colorcable.com\\\/en\\\/indulge-your-home-with-colorful-and-sustainable-colorcable-cables-in-danish-design-shop-colorcable-power-strips\\\/\"},{\"@type\":\"ListItem\",\"position\":3,\"name\":\"Cheerful Turquoise\"}]},{\"@type\":\"WebSite\",\"@id\":\"https:\\\/\\\/colorcable.com\\\/#website\",\"url\":\"https:\\\/\\\/colorcable.com\\\/\",\"name\":\"ColorCable\",\"description\":\"ColorCable - make it different\",\"publisher\":{\"@id\":\"https:\\\/\\\/colorcable.com\\\/#organization\"},\"alternateName\":\"color cable\",\"potentialAction\":[{\"@type\":\"SearchAction\",\"target\":{\"@type\":\"EntryPoint\",\"urlTemplate\":\"https:\\\/\\\/colorcable.com\\\/?s={search_term_string}\"},\"query-input\":{\"@type\":\"PropertyValueSpecification\",\"valueRequired\":true,\"valueName\":\"search_term_string\"}}],\"inLanguage\":\"en-US\"},{\"@type\":\"Organization\",\"@id\":\"https:\\\/\\\/colorcable.com\\\/#organization\",\"name\":\"Colorcable\",\"alternateName\":\"ColorCable\",\"url\":\"https:\\\/\\\/colorcable.com\\\/\",\"logo\":{\"@type\":\"ImageObject\",\"inLanguage\":\"en-US\",\"@id\":\"https:\\\/\\\/colorcable.com\\\/#\\\/schema\\\/logo\\\/image\\\/\",\"url\":\"https:\\\/\\\/colorcable.com\\\/wp-content\\\/uploads\\\/2024\\\/05\\\/If-you-cant-hide-it-Instagram-Logo-V3.png\",\"contentUrl\":\"https:\\\/\\\/colorcable.com\\\/wp-content\\\/uploads\\\/2024\\\/05\\\/If-you-cant-hide-it-Instagram-Logo-V3.png\",\"width\":656,\"height\":656,\"caption\":\"Colorcable\"},\"image\":{\"@id\":\"https:\\\/\\\/colorcable.com\\\/#\\\/schema\\\/logo\\\/image\\\/\"},\"sameAs\":[\"https:\\\/\\\/www.facebook.com\\\/ColorCable.Official\",\"https:\\\/\\\/www.instagram.com\\\/colorcable.official\\\/\",\"https:\\\/\\\/www.linkedin.com\\\/company\\\/colorcable\\\/\"],\"description\":\"ColorCable blev grundlagt i 2019 for at g\u00f8re kabler smukke. Vi har udviklet vores f\u00f8rste to stikd\u00e5ser, og vi har startet vores stille launch i september 2023 med forventning om at lancere vores launch p\u00e5 samme tidspunkt i 2024.\",\"email\":\"hello@colorcable.com\",\"telephone\":\"004520636270\",\"legalName\":\"Colorcable ApS\",\"foundingDate\":\"2021-12-13\",\"vatID\":\"42903531\",\"taxID\":\"42903531\",\"numberOfEmployees\":{\"@type\":\"QuantitativeValue\",\"minValue\":\"1\",\"maxValue\":\"10\"}}]}<\/script>\n<meta property=\"product:price:amount\" content=\"35.00\" \/>\n<meta property=\"product:price:currency\" content=\"EUR\" \/>\n<meta property=\"og:availability\" content=\"instock\" \/>\n<meta property=\"product:availability\" content=\"instock\" \/>\n<meta property=\"product:retailer_item_id\" content=\"C003\" \/>\n<meta property=\"product:condition\" content=\"new\" \/>\n<!-- \/ Yoast SEO Premium plugin. -->","yoast_head_json":{"title":"Cheerful Turquoise - ColorCable","description":"Vi g\u00f8r kabler smukke og tilf\u00f8jer farverigt design til hverdagen. F\u00f8lg os p\u00e5 vores rejse.","robots":{"index":"index","follow":"follow","max-snippet":"max-snippet:-1","max-image-preview":"max-image-preview:large","max-video-preview":"max-video-preview:-1"},"canonical":"https:\/\/colorcable.com\/en\/product\/cheerful-turquoise\/","og_locale":"en_US","og_type":"article","og_title":"Cheerful Turquoise","og_description":"Vi g\u00f8r kabler smukke og tilf\u00f8jer farverigt design til hverdagen. F\u00f8lg os p\u00e5 vores rejse.","og_url":"https:\/\/colorcable.com\/en\/product\/cheerful-turquoise\/","og_site_name":"ColorCable","article_publisher":"https:\/\/www.facebook.com\/ColorCable.Official","article_modified_time":"2025-02-01T14:38:58+00:00","og_image":[{"width":1080,"height":1080,"url":"https:\/\/colorcable.com\/wp-content\/uploads\/2024\/12\/Packshot-Cheerful-Turquoisen-background-01.png","type":"image\/png"}],"twitter_card":"summary_large_image","twitter_misc":{"Price":"&euro;35.00","Availability":"In stock"},"schema":{"@context":"https:\/\/schema.org","@graph":[{"@type":"WebPage","@id":"https:\/\/colorcable.com\/en\/product\/cheerful-turquoise\/","url":"https:\/\/colorcable.com\/en\/product\/cheerful-turquoise\/","name":"Cheerful Turquoise - ColorCable","isPartOf":{"@id":"https:\/\/colorcable.com\/#website"},"primaryImageOfPage":{"@id":"https:\/\/colorcable.com\/en\/product\/cheerful-turquoise\/#primaryimage"},"image":{"@id":"https:\/\/colorcable.com\/en\/product\/cheerful-turquoise\/#primaryimage"},"thumbnailUrl":"https:\/\/colorcable.com\/wp-content\/uploads\/2024\/12\/Packshot-Cheerful-Turquoisen-background-01.png","datePublished":"2021-12-07T10:54:30+00:00","dateModified":"2025-02-01T14:38:58+00:00","description":"Vi g\u00f8r kabler smukke og tilf\u00f8jer farverigt design til hverdagen. F\u00f8lg os p\u00e5 vores rejse.","breadcrumb":{"@id":"https:\/\/colorcable.com\/en\/product\/cheerful-turquoise\/#breadcrumb"},"inLanguage":"en-US","potentialAction":[{"@type":"ReadAction","target":["https:\/\/colorcable.com\/en\/product\/cheerful-turquoise\/"]}]},{"@type":"ImageObject","inLanguage":"en-US","@id":"https:\/\/colorcable.com\/en\/product\/cheerful-turquoise\/#primaryimage","url":"https:\/\/colorcable.com\/wp-content\/uploads\/2024\/12\/Packshot-Cheerful-Turquoisen-background-01.png","contentUrl":"https:\/\/colorcable.com\/wp-content\/uploads\/2024\/12\/Packshot-Cheerful-Turquoisen-background-01.png","width":1080,"height":1080},{"@type":"BreadcrumbList","@id":"https:\/\/colorcable.com\/en\/product\/cheerful-turquoise\/#breadcrumb","itemListElement":[{"@type":"ListItem","position":1,"name":"Home","item":"https:\/\/colorcable.com\/en\/"},{"@type":"ListItem","position":2,"name":"Shop","item":"https:\/\/colorcable.com\/en\/indulge-your-home-with-colorful-and-sustainable-colorcable-cables-in-danish-design-shop-colorcable-power-strips\/"},{"@type":"ListItem","position":3,"name":"Cheerful Turquoise"}]},{"@type":"WebSite","@id":"https:\/\/colorcable.com\/#website","url":"https:\/\/colorcable.com\/","name":"ColorCable","description":"ColorCable - make it different","publisher":{"@id":"https:\/\/colorcable.com\/#organization"},"alternateName":"color cable","potentialAction":[{"@type":"SearchAction","target":{"@type":"EntryPoint","urlTemplate":"https:\/\/colorcable.com\/?s={search_term_string}"},"query-input":{"@type":"PropertyValueSpecification","valueRequired":true,"valueName":"search_term_string"}}],"inLanguage":"en-US"},{"@type":"Organization","@id":"https:\/\/colorcable.com\/#organization","name":"Colorcable","alternateName":"ColorCable","url":"https:\/\/colorcable.com\/","logo":{"@type":"ImageObject","inLanguage":"en-US","@id":"https:\/\/colorcable.com\/#\/schema\/logo\/image\/","url":"https:\/\/colorcable.com\/wp-content\/uploads\/2024\/05\/If-you-cant-hide-it-Instagram-Logo-V3.png","contentUrl":"https:\/\/colorcable.com\/wp-content\/uploads\/2024\/05\/If-you-cant-hide-it-Instagram-Logo-V3.png","width":656,"height":656,"caption":"Colorcable"},"image":{"@id":"https:\/\/colorcable.com\/#\/schema\/logo\/image\/"},"sameAs":["https:\/\/www.facebook.com\/ColorCable.Official","https:\/\/www.instagram.com\/colorcable.official\/","https:\/\/www.linkedin.com\/company\/colorcable\/"],"description":"ColorCable blev grundlagt i 2019 for at g\u00f8re kabler smukke. Vi har udviklet vores f\u00f8rste to stikd\u00e5ser, og vi har startet vores stille launch i september 2023 med forventning om at lancere vores launch p\u00e5 samme tidspunkt i 2024.","email":"hello@colorcable.com","telephone":"004520636270","legalName":"Colorcable ApS","foundingDate":"2021-12-13","vatID":"42903531","taxID":"42903531","numberOfEmployees":{"@type":"QuantitativeValue","minValue":"1","maxValue":"10"}}]},"product_price_amount":"35.00","product_price_currency":"EUR","og_availability":"instock","product_availability":"instock","product_retailer_item_id":"C003","product_condition":"new"},"_links":{"self":[{"href":"https:\/\/colorcable.com\/en\/wp-json\/wp\/v2\/product\/457","targetHints":{"allow":["GET"]}}],"collection":[{"href":"https:\/\/colorcable.com\/en\/wp-json\/wp\/v2\/product"}],"about":[{"href":"https:\/\/colorcable.com\/en\/wp-json\/wp\/v2\/types\/product"}],"replies":[{"embeddable":true,"href":"https:\/\/colorcable.com\/en\/wp-json\/wp\/v2\/comments?post=457"}],"version-history":[{"count":5,"href":"https:\/\/colorcable.com\/en\/wp-json\/wp\/v2\/product\/457\/revisions"}],"predecessor-version":[{"id":4361,"href":"https:\/\/colorcable.com\/en\/wp-json\/wp\/v2\/product\/457\/revisions\/4361"}],"wp:featuredmedia":[{"embeddable":true,"href":"https:\/\/colorcable.com\/en\/wp-json\/wp\/v2\/media\/3782"}],"wp:attachment":[{"href":"https:\/\/colorcable.com\/en\/wp-json\/wp\/v2\/media?parent=457"}],"wp:term":[{"taxonomy":"product_brand","embeddable":true,"href":"https:\/\/colorcable.com\/en\/wp-json\/wp\/v2\/product_brand?post=457"},{"taxonomy":"product_cat","embeddable":true,"href":"https:\/\/colorcable.com\/en\/wp-json\/wp\/v2\/product_cat?post=457"},{"taxonomy":"product_tag","embeddable":true,"href":"https:\/\/colorcable.com\/en\/wp-json\/wp\/v2\/product_tag?post=457"}],"curies":[{"name":"wp","href":"https:\/\/api.w.org\/{rel}","templated":true}]}}