{"id":460,"date":"2021-12-07T12:27:14","date_gmt":"2021-12-07T12:27:14","guid":{"rendered":"http:\/\/color-cable.loc\/product\/bundle-of-4\/"},"modified":"2024-11-28T19:39:53","modified_gmt":"2024-11-28T19:39:53","slug":"bundle-of-4","status":"publish","type":"product","link":"https:\/\/colorcable.com\/en\/product\/bundle-of-4\/","title":{"rendered":"Package deal 4"},"content":{"rendered":"","protected":false},"excerpt":{"rendered":"<p>4 ColorCable Model 3 powerstrips.<\/p>\n<p>We understand that your fashion choices can vary from day to day. That&#8217;s why we&#8217;re offering a package of four products, allowing you to enjoy diverse cable color options to effortlessly match different parts of your wardrobe.<br \/>\nWith this package deal you can buy 4 products and get a 16\u20ac discount.<br \/>\nCombine the colors as you wish. Package deal 89,95\u20ac<\/p>\n<p># In stock<br \/>\n# Money-back guarantee<br \/>\n# 30% recycled materials<br \/>\n# Shipment within <b>24 hours<\/b><\/p>\n","protected":false},"featured_media":3875,"comment_status":"closed","ping_status":"closed","template":"","meta":{"_acf_changed":false,"inline_featured_image":false,"footnotes":""},"product_brand":[],"product_cat":[28],"product_tag":[],"class_list":{"0":"post-460","1":"product","2":"type-product","3":"status-publish","4":"has-post-thumbnail","6":"product_cat-bundle","8":"first","9":"instock","10":"sale","11":"taxable","12":"shipping-taxable","13":"purchasable","14":"product-type-bundle"},"bundled_by":[],"bundle_stock_status":"instock","bundle_stock_quantity":"","bundle_virtual":false,"bundle_layout":"default","bundle_add_to_cart_form_location":"default","bundle_editable_in_cart":false,"bundle_sold_individually_context":"product","bundle_item_grouping":"parent","bundle_min_size":4,"bundle_max_size":4,"bundle_price":{"price":{"min":{"incl_tax":"89.95","excl_tax":"71.96"},"max":{"incl_tax":"89.95","excl_tax":"71.96"}},"regular_price":{"min":{"incl_tax":"105.95","excl_tax":"84.76"},"max":{"incl_tax":"105.95","excl_tax":"84.76"}}},"bundled_items":[{"bundled_item_id":65,"product_id":459,"menu_order":0,"quantity_min":1,"quantity_max":4,"quantity_default":1,"priced_individually":false,"shipped_individually":false,"override_title":false,"title":"Experimental Brown","override_description":false,"description":"Experimental Brown","optional":false,"hide_thumbnail":false,"discount":"","override_variations":false,"allowed_variations":[""],"override_default_variation_attributes":false,"default_variation_attributes":[],"single_product_visibility":"hidden","cart_visibility":"visible","order_visibility":"hidden","single_product_price_visibility":"visible","cart_price_visibility":"visible","order_price_visibility":"visible","stock_status":"in_stock"},{"bundled_item_id":66,"product_id":456,"menu_order":1,"quantity_min":1,"quantity_max":4,"quantity_default":1,"priced_individually":false,"shipped_individually":false,"override_title":false,"title":"Minimalist Grey","override_description":false,"description":"Minimalist Grey","optional":false,"hide_thumbnail":false,"discount":"","override_variations":false,"allowed_variations":[""],"override_default_variation_attributes":false,"default_variation_attributes":[],"single_product_visibility":"hidden","cart_visibility":"visible","order_visibility":"hidden","single_product_price_visibility":"visible","cart_price_visibility":"visible","order_price_visibility":"visible","stock_status":"in_stock"},{"bundled_item_id":67,"product_id":457,"menu_order":2,"quantity_min":1,"quantity_max":4,"quantity_default":1,"priced_individually":false,"shipped_individually":false,"override_title":false,"title":"Cheerful Turquoise","override_description":false,"description":"Cheerful Turquoise","optional":false,"hide_thumbnail":false,"discount":"","override_variations":false,"allowed_variations":[""],"override_default_variation_attributes":false,"default_variation_attributes":[],"single_product_visibility":"hidden","cart_visibility":"visible","order_visibility":"hidden","single_product_price_visibility":"visible","cart_price_visibility":"visible","order_price_visibility":"visible","stock_status":"in_stock"},{"bundled_item_id":68,"product_id":458,"menu_order":3,"quantity_min":1,"quantity_max":4,"quantity_default":1,"priced_individually":false,"shipped_individually":false,"override_title":false,"title":"Leaf Green","override_description":false,"description":"Leaf Green","optional":false,"hide_thumbnail":false,"discount":"","override_variations":false,"allowed_variations":[""],"override_default_variation_attributes":false,"default_variation_attributes":[],"single_product_visibility":"hidden","cart_visibility":"visible","order_visibility":"hidden","single_product_price_visibility":"visible","cart_price_visibility":"visible","order_price_visibility":"visible","stock_status":"in_stock"}],"bundle_sell_ids":[],"acf":[],"yoast_head":"<!-- This site is optimized with the Yoast SEO Premium plugin v26.3 (Yoast SEO v27.3) - https:\/\/yoast.com\/product\/yoast-seo-premium-wordpress\/ -->\n<title>Package deal 4 - ColorCable<\/title>\n<meta name=\"description\" content=\"Vi g\u00f8r kabler smukke og tilf\u00f8jer farverigt design til hverdagen. F\u00f8lg os p\u00e5 vores rejse.\" \/>\n<meta name=\"robots\" content=\"index, follow, max-snippet:-1, max-image-preview:large, max-video-preview:-1\" \/>\n<link rel=\"canonical\" href=\"https:\/\/colorcable.com\/en\/product\/bundle-of-4\/\" \/>\n<meta property=\"og:locale\" content=\"en_US\" \/>\n<meta property=\"og:type\" content=\"article\" \/>\n<meta property=\"og:title\" content=\"Package deal 4\" \/>\n<meta property=\"og:description\" content=\"Vi g\u00f8r kabler smukke og tilf\u00f8jer farverigt design til hverdagen. F\u00f8lg os p\u00e5 vores rejse.\" \/>\n<meta property=\"og:url\" content=\"https:\/\/colorcable.com\/en\/product\/bundle-of-4\/\" \/>\n<meta property=\"og:site_name\" content=\"ColorCable\" \/>\n<meta property=\"article:publisher\" content=\"https:\/\/www.facebook.com\/ColorCable.Official\" \/>\n<meta property=\"article:modified_time\" content=\"2024-11-28T19:39:53+00:00\" \/>\n<meta property=\"og:image\" content=\"https:\/\/colorcable.com\/wp-content\/uploads\/2023\/10\/Package-deal-x4-Insta-post-10180x1080-UK-V3.png\" \/>\n\t<meta property=\"og:image:width\" content=\"1080\" \/>\n\t<meta property=\"og:image:height\" content=\"1080\" \/>\n\t<meta property=\"og:image:type\" content=\"image\/png\" \/>\n<meta name=\"twitter:card\" content=\"summary_large_image\" \/>\n<meta name=\"twitter:label1\" content=\"Price\" \/>\n\t<meta name=\"twitter:data1\" content=\"&euro;89.95\" \/>\n\t<meta name=\"twitter:label2\" content=\"Availability\" \/>\n\t<meta name=\"twitter:data2\" content=\"In stock\" \/>\n<script type=\"application\/ld+json\" class=\"yoast-schema-graph\">{\"@context\":\"https:\\\/\\\/schema.org\",\"@graph\":[{\"@type\":\"WebPage\",\"@id\":\"https:\\\/\\\/colorcable.com\\\/en\\\/product\\\/bundle-of-4\\\/\",\"url\":\"https:\\\/\\\/colorcable.com\\\/en\\\/product\\\/bundle-of-4\\\/\",\"name\":\"Package deal 4 - ColorCable\",\"isPartOf\":{\"@id\":\"https:\\\/\\\/colorcable.com\\\/#website\"},\"primaryImageOfPage\":{\"@id\":\"https:\\\/\\\/colorcable.com\\\/en\\\/product\\\/bundle-of-4\\\/#primaryimage\"},\"image\":{\"@id\":\"https:\\\/\\\/colorcable.com\\\/en\\\/product\\\/bundle-of-4\\\/#primaryimage\"},\"thumbnailUrl\":\"https:\\\/\\\/colorcable.com\\\/wp-content\\\/uploads\\\/2023\\\/10\\\/Package-deal-x4-Insta-post-10180x1080-UK-V4.png\",\"datePublished\":\"2021-12-07T12:27:14+00:00\",\"dateModified\":\"2024-11-28T19:39:53+00:00\",\"description\":\"Vi g\u00f8r kabler smukke og tilf\u00f8jer farverigt design til hverdagen. F\u00f8lg os p\u00e5 vores rejse.\",\"breadcrumb\":{\"@id\":\"https:\\\/\\\/colorcable.com\\\/en\\\/product\\\/bundle-of-4\\\/#breadcrumb\"},\"inLanguage\":\"en-US\",\"potentialAction\":[{\"@type\":\"ReadAction\",\"target\":[\"https:\\\/\\\/colorcable.com\\\/en\\\/product\\\/bundle-of-4\\\/\"]}]},{\"@type\":\"ImageObject\",\"inLanguage\":\"en-US\",\"@id\":\"https:\\\/\\\/colorcable.com\\\/en\\\/product\\\/bundle-of-4\\\/#primaryimage\",\"url\":\"https:\\\/\\\/colorcable.com\\\/wp-content\\\/uploads\\\/2023\\\/10\\\/Package-deal-x4-Insta-post-10180x1080-UK-V4.png\",\"contentUrl\":\"https:\\\/\\\/colorcable.com\\\/wp-content\\\/uploads\\\/2023\\\/10\\\/Package-deal-x4-Insta-post-10180x1080-UK-V4.png\",\"width\":1080,\"height\":1080},{\"@type\":\"BreadcrumbList\",\"@id\":\"https:\\\/\\\/colorcable.com\\\/en\\\/product\\\/bundle-of-4\\\/#breadcrumb\",\"itemListElement\":[{\"@type\":\"ListItem\",\"position\":1,\"name\":\"Home\",\"item\":\"https:\\\/\\\/colorcable.com\\\/en\\\/\"},{\"@type\":\"ListItem\",\"position\":2,\"name\":\"Shop\",\"item\":\"https:\\\/\\\/colorcable.com\\\/en\\\/indulge-your-home-with-colorful-and-sustainable-colorcable-cables-in-danish-design-shop-colorcable-power-strips\\\/\"},{\"@type\":\"ListItem\",\"position\":3,\"name\":\"Package deal 4\"}]},{\"@type\":\"WebSite\",\"@id\":\"https:\\\/\\\/colorcable.com\\\/#website\",\"url\":\"https:\\\/\\\/colorcable.com\\\/\",\"name\":\"ColorCable\",\"description\":\"ColorCable - make it different\",\"publisher\":{\"@id\":\"https:\\\/\\\/colorcable.com\\\/#organization\"},\"alternateName\":\"color cable\",\"potentialAction\":[{\"@type\":\"SearchAction\",\"target\":{\"@type\":\"EntryPoint\",\"urlTemplate\":\"https:\\\/\\\/colorcable.com\\\/?s={search_term_string}\"},\"query-input\":{\"@type\":\"PropertyValueSpecification\",\"valueRequired\":true,\"valueName\":\"search_term_string\"}}],\"inLanguage\":\"en-US\"},{\"@type\":\"Organization\",\"@id\":\"https:\\\/\\\/colorcable.com\\\/#organization\",\"name\":\"Colorcable\",\"alternateName\":\"ColorCable\",\"url\":\"https:\\\/\\\/colorcable.com\\\/\",\"logo\":{\"@type\":\"ImageObject\",\"inLanguage\":\"en-US\",\"@id\":\"https:\\\/\\\/colorcable.com\\\/#\\\/schema\\\/logo\\\/image\\\/\",\"url\":\"https:\\\/\\\/colorcable.com\\\/wp-content\\\/uploads\\\/2024\\\/05\\\/If-you-cant-hide-it-Instagram-Logo-V3.png\",\"contentUrl\":\"https:\\\/\\\/colorcable.com\\\/wp-content\\\/uploads\\\/2024\\\/05\\\/If-you-cant-hide-it-Instagram-Logo-V3.png\",\"width\":656,\"height\":656,\"caption\":\"Colorcable\"},\"image\":{\"@id\":\"https:\\\/\\\/colorcable.com\\\/#\\\/schema\\\/logo\\\/image\\\/\"},\"sameAs\":[\"https:\\\/\\\/www.facebook.com\\\/ColorCable.Official\",\"https:\\\/\\\/www.instagram.com\\\/colorcable.official\\\/\",\"https:\\\/\\\/www.linkedin.com\\\/company\\\/colorcable\\\/\"],\"description\":\"ColorCable blev grundlagt i 2019 for at g\u00f8re kabler smukke. Vi har udviklet vores f\u00f8rste to stikd\u00e5ser, og vi har startet vores stille launch i september 2023 med forventning om at lancere vores launch p\u00e5 samme tidspunkt i 2024.\",\"email\":\"hello@colorcable.com\",\"telephone\":\"004520636270\",\"legalName\":\"Colorcable ApS\",\"foundingDate\":\"2021-12-13\",\"vatID\":\"42903531\",\"taxID\":\"42903531\",\"numberOfEmployees\":{\"@type\":\"QuantitativeValue\",\"minValue\":\"1\",\"maxValue\":\"10\"}}]}<\/script>\n<meta property=\"product:price:amount\" content=\"89.95\" \/>\n<meta property=\"product:price:currency\" content=\"EUR\" \/>\n<meta property=\"og:availability\" content=\"instock\" \/>\n<meta property=\"product:availability\" content=\"instock\" \/>\n<meta property=\"product:retailer_item_id\" content=\"B004\" \/>\n<meta property=\"product:condition\" content=\"new\" \/>\n<!-- \/ Yoast SEO Premium plugin. -->","yoast_head_json":{"title":"Package deal 4 - ColorCable","description":"Vi g\u00f8r kabler smukke og tilf\u00f8jer farverigt design til hverdagen. F\u00f8lg os p\u00e5 vores rejse.","robots":{"index":"index","follow":"follow","max-snippet":"max-snippet:-1","max-image-preview":"max-image-preview:large","max-video-preview":"max-video-preview:-1"},"canonical":"https:\/\/colorcable.com\/en\/product\/bundle-of-4\/","og_locale":"en_US","og_type":"article","og_title":"Package deal 4","og_description":"Vi g\u00f8r kabler smukke og tilf\u00f8jer farverigt design til hverdagen. F\u00f8lg os p\u00e5 vores rejse.","og_url":"https:\/\/colorcable.com\/en\/product\/bundle-of-4\/","og_site_name":"ColorCable","article_publisher":"https:\/\/www.facebook.com\/ColorCable.Official","article_modified_time":"2024-11-28T19:39:53+00:00","og_image":[{"width":1080,"height":1080,"url":"https:\/\/colorcable.com\/wp-content\/uploads\/2023\/10\/Package-deal-x4-Insta-post-10180x1080-UK-V3.png","type":"image\/png"}],"twitter_card":"summary_large_image","twitter_misc":{"Price":"&euro;89.95","Availability":"In stock"},"schema":{"@context":"https:\/\/schema.org","@graph":[{"@type":"WebPage","@id":"https:\/\/colorcable.com\/en\/product\/bundle-of-4\/","url":"https:\/\/colorcable.com\/en\/product\/bundle-of-4\/","name":"Package deal 4 - ColorCable","isPartOf":{"@id":"https:\/\/colorcable.com\/#website"},"primaryImageOfPage":{"@id":"https:\/\/colorcable.com\/en\/product\/bundle-of-4\/#primaryimage"},"image":{"@id":"https:\/\/colorcable.com\/en\/product\/bundle-of-4\/#primaryimage"},"thumbnailUrl":"https:\/\/colorcable.com\/wp-content\/uploads\/2023\/10\/Package-deal-x4-Insta-post-10180x1080-UK-V4.png","datePublished":"2021-12-07T12:27:14+00:00","dateModified":"2024-11-28T19:39:53+00:00","description":"Vi g\u00f8r kabler smukke og tilf\u00f8jer farverigt design til hverdagen. F\u00f8lg os p\u00e5 vores rejse.","breadcrumb":{"@id":"https:\/\/colorcable.com\/en\/product\/bundle-of-4\/#breadcrumb"},"inLanguage":"en-US","potentialAction":[{"@type":"ReadAction","target":["https:\/\/colorcable.com\/en\/product\/bundle-of-4\/"]}]},{"@type":"ImageObject","inLanguage":"en-US","@id":"https:\/\/colorcable.com\/en\/product\/bundle-of-4\/#primaryimage","url":"https:\/\/colorcable.com\/wp-content\/uploads\/2023\/10\/Package-deal-x4-Insta-post-10180x1080-UK-V4.png","contentUrl":"https:\/\/colorcable.com\/wp-content\/uploads\/2023\/10\/Package-deal-x4-Insta-post-10180x1080-UK-V4.png","width":1080,"height":1080},{"@type":"BreadcrumbList","@id":"https:\/\/colorcable.com\/en\/product\/bundle-of-4\/#breadcrumb","itemListElement":[{"@type":"ListItem","position":1,"name":"Home","item":"https:\/\/colorcable.com\/en\/"},{"@type":"ListItem","position":2,"name":"Shop","item":"https:\/\/colorcable.com\/en\/indulge-your-home-with-colorful-and-sustainable-colorcable-cables-in-danish-design-shop-colorcable-power-strips\/"},{"@type":"ListItem","position":3,"name":"Package deal 4"}]},{"@type":"WebSite","@id":"https:\/\/colorcable.com\/#website","url":"https:\/\/colorcable.com\/","name":"ColorCable","description":"ColorCable - make it different","publisher":{"@id":"https:\/\/colorcable.com\/#organization"},"alternateName":"color cable","potentialAction":[{"@type":"SearchAction","target":{"@type":"EntryPoint","urlTemplate":"https:\/\/colorcable.com\/?s={search_term_string}"},"query-input":{"@type":"PropertyValueSpecification","valueRequired":true,"valueName":"search_term_string"}}],"inLanguage":"en-US"},{"@type":"Organization","@id":"https:\/\/colorcable.com\/#organization","name":"Colorcable","alternateName":"ColorCable","url":"https:\/\/colorcable.com\/","logo":{"@type":"ImageObject","inLanguage":"en-US","@id":"https:\/\/colorcable.com\/#\/schema\/logo\/image\/","url":"https:\/\/colorcable.com\/wp-content\/uploads\/2024\/05\/If-you-cant-hide-it-Instagram-Logo-V3.png","contentUrl":"https:\/\/colorcable.com\/wp-content\/uploads\/2024\/05\/If-you-cant-hide-it-Instagram-Logo-V3.png","width":656,"height":656,"caption":"Colorcable"},"image":{"@id":"https:\/\/colorcable.com\/#\/schema\/logo\/image\/"},"sameAs":["https:\/\/www.facebook.com\/ColorCable.Official","https:\/\/www.instagram.com\/colorcable.official\/","https:\/\/www.linkedin.com\/company\/colorcable\/"],"description":"ColorCable blev grundlagt i 2019 for at g\u00f8re kabler smukke. Vi har udviklet vores f\u00f8rste to stikd\u00e5ser, og vi har startet vores stille launch i september 2023 med forventning om at lancere vores launch p\u00e5 samme tidspunkt i 2024.","email":"hello@colorcable.com","telephone":"004520636270","legalName":"Colorcable ApS","foundingDate":"2021-12-13","vatID":"42903531","taxID":"42903531","numberOfEmployees":{"@type":"QuantitativeValue","minValue":"1","maxValue":"10"}}]},"product_price_amount":"89.95","product_price_currency":"EUR","og_availability":"instock","product_availability":"instock","product_retailer_item_id":"B004","product_condition":"new"},"_links":{"self":[{"href":"https:\/\/colorcable.com\/en\/wp-json\/wp\/v2\/product\/460","targetHints":{"allow":["GET"]}}],"collection":[{"href":"https:\/\/colorcable.com\/en\/wp-json\/wp\/v2\/product"}],"about":[{"href":"https:\/\/colorcable.com\/en\/wp-json\/wp\/v2\/types\/product"}],"replies":[{"embeddable":true,"href":"https:\/\/colorcable.com\/en\/wp-json\/wp\/v2\/comments?post=460"}],"version-history":[{"count":5,"href":"https:\/\/colorcable.com\/en\/wp-json\/wp\/v2\/product\/460\/revisions"}],"predecessor-version":[{"id":3576,"href":"https:\/\/colorcable.com\/en\/wp-json\/wp\/v2\/product\/460\/revisions\/3576"}],"wp:featuredmedia":[{"embeddable":true,"href":"https:\/\/colorcable.com\/en\/wp-json\/wp\/v2\/media\/3875"}],"wp:attachment":[{"href":"https:\/\/colorcable.com\/en\/wp-json\/wp\/v2\/media?parent=460"}],"wp:term":[{"taxonomy":"product_brand","embeddable":true,"href":"https:\/\/colorcable.com\/en\/wp-json\/wp\/v2\/product_brand?post=460"},{"taxonomy":"product_cat","embeddable":true,"href":"https:\/\/colorcable.com\/en\/wp-json\/wp\/v2\/product_cat?post=460"},{"taxonomy":"product_tag","embeddable":true,"href":"https:\/\/colorcable.com\/en\/wp-json\/wp\/v2\/product_tag?post=460"}],"curies":[{"name":"wp","href":"https:\/\/api.w.org\/{rel}","templated":true}]}}